{"id":36146,"date":"2016-11-14T16:30:30","date_gmt":"2016-11-14T16:30:30","guid":{"rendered":"http:\/\/the7.io\/new-landing\/?page_id=2"},"modified":"2026-02-22T09:28:14","modified_gmt":"2026-02-22T08:28:14","slug":"landing","status":"publish","type":"page","link":"https:\/\/ericbphotographie.com\/","title":{"rendered":"Accueil"},"content":{"rendered":"\t\t<div data-elementor-type=\"wp-post\" data-elementor-id=\"36146\" class=\"elementor elementor-36146\" data-elementor-post-type=\"page\">\n\t\t\t\t\t\t<section class=\"elementor-section elementor-top-section elementor-element elementor-element-5b259cb elementor-section-boxed elementor-section-height-default elementor-section-height-default\" data-id=\"5b259cb\" data-element_type=\"section\" data-e-type=\"section\">\n\t\t\t\t\t\t<div class=\"elementor-container elementor-column-gap-default\">\n\t\t\t\t\t<div class=\"elementor-column elementor-col-100 elementor-top-column elementor-element elementor-element-31d6aa8\" data-id=\"31d6aa8\" data-element_type=\"column\" data-e-type=\"column\">\n\t\t\t<div class=\"elementor-widget-wrap elementor-element-populated\">\n\t\t\t\t\t\t<div class=\"elementor-element elementor-element-4cb648a elementor-widget elementor-widget-heading\" data-id=\"4cb648a\" data-element_type=\"widget\" data-e-type=\"widget\" data-widget_type=\"heading.default\">\n\t\t\t\t<div class=\"elementor-widget-container\">\n\t\t\t\t\t<h2 class=\"elementor-heading-title elementor-size-default\">\nPhotographe de mariage et portrait \u00e0 Castelnau Le lez, Montpellier et sa r\u00e9gion.<\/h2>\t\t\t\t<\/div>\n\t\t\t\t<\/div>\n\t\t\t\t<div class=\"elementor-element elementor-element-2bfd65c elementor-arrows-position-outside elementor-widget__width-initial elementor-pagination-position-outside elementor-widget elementor-widget-image-carousel\" data-id=\"2bfd65c\" data-element_type=\"widget\" data-e-type=\"widget\" data-settings=\"{&quot;slides_to_show&quot;:&quot;1&quot;,&quot;autoplay_speed&quot;:2500,&quot;effect&quot;:&quot;fade&quot;,&quot;navigation&quot;:&quot;both&quot;,&quot;autoplay&quot;:&quot;yes&quot;,&quot;pause_on_hover&quot;:&quot;yes&quot;,&quot;pause_on_interaction&quot;:&quot;yes&quot;,&quot;infinite&quot;:&quot;yes&quot;,&quot;speed&quot;:500}\" data-widget_type=\"image-carousel.default\">\n\t\t\t\t<div class=\"elementor-widget-container\">\n\t\t\t\t\t\t\t<div class=\"elementor-image-carousel-wrapper swiper\" role=\"region\" aria-roledescription=\"carousel\" aria-label=\"Carrousel d\u2019images\" dir=\"ltr\">\n\t\t\t<div class=\"elementor-image-carousel swiper-wrapper\" aria-live=\"off\">\n\t\t\t\t\t\t\t\t<div class=\"swiper-slide\" role=\"group\" aria-roledescription=\"slide\" aria-label=\"1 sur 22\"><figure class=\"swiper-slide-inner\"><img decoding=\"async\" class=\"swiper-slide-image\" src=\"https:\/\/ericbphotographie.com\/wp-content\/uploads\/2025\/02\/Photographe-mariage-Eric-B-Photographie-Alexandra14.webp\" alt=\"Mariage Alexandra &amp; Maxime\" \/><\/figure><\/div><div class=\"swiper-slide\" role=\"group\" aria-roledescription=\"slide\" aria-label=\"2 sur 22\"><figure class=\"swiper-slide-inner\"><img decoding=\"async\" class=\"swiper-slide-image\" src=\"https:\/\/ericbphotographie.com\/wp-content\/uploads\/2025\/02\/Photographe-mariage-Eric-B-Photographie-Alexandra29.webp\" alt=\"Mariage Alexandra &amp; Maxime\" \/><\/figure><\/div><div class=\"swiper-slide\" role=\"group\" aria-roledescription=\"slide\" aria-label=\"3 sur 22\"><figure class=\"swiper-slide-inner\"><img decoding=\"async\" class=\"swiper-slide-image\" src=\"https:\/\/ericbphotographie.com\/wp-content\/uploads\/2025\/02\/Photographe-mariage-Eric-B-Photographie-Alexandra15.webp\" alt=\"Mariage Alexandra &amp; Maxime\" \/><\/figure><\/div><div class=\"swiper-slide\" role=\"group\" aria-roledescription=\"slide\" aria-label=\"4 sur 22\"><figure class=\"swiper-slide-inner\"><img decoding=\"async\" class=\"swiper-slide-image\" src=\"https:\/\/ericbphotographie.com\/wp-content\/uploads\/2025\/02\/Photographe-mariage-Eric-B-Photographie-Alexandra26.webp\" alt=\"Mariage Alexandra &amp; Maxime\" \/><\/figure><\/div><div class=\"swiper-slide\" role=\"group\" aria-roledescription=\"slide\" aria-label=\"5 sur 22\"><figure class=\"swiper-slide-inner\"><img decoding=\"async\" class=\"swiper-slide-image\" src=\"https:\/\/ericbphotographie.com\/wp-content\/uploads\/2025\/01\/Photographe-portrait-Eric-B-Photographie-modele-Eva1.webp\" alt=\"s\u00e9ance portrait avec une mod\u00e8le professionnelle\" \/><\/figure><\/div><div class=\"swiper-slide\" role=\"group\" aria-roledescription=\"slide\" aria-label=\"6 sur 22\"><figure class=\"swiper-slide-inner\"><img decoding=\"async\" class=\"swiper-slide-image\" src=\"https:\/\/ericbphotographie.com\/wp-content\/uploads\/2025\/01\/Photographe-portrait-Eric-B-Photographie-modele-Eva4.webp\" alt=\"s\u00e9ance portrait avec une mod\u00e8le professionnelle\" \/><\/figure><\/div><div class=\"swiper-slide\" role=\"group\" aria-roledescription=\"slide\" aria-label=\"7 sur 22\"><figure class=\"swiper-slide-inner\"><img decoding=\"async\" class=\"swiper-slide-image\" src=\"https:\/\/ericbphotographie.com\/wp-content\/uploads\/2025\/01\/Photographe-portrait-Eric-B-Photographie-modele-M8.webp\" alt=\"s\u00e9ance portrait avec une mod\u00e8le professionnelle\" \/><\/figure><\/div><div class=\"swiper-slide\" role=\"group\" aria-roledescription=\"slide\" aria-label=\"8 sur 22\"><figure class=\"swiper-slide-inner\"><img decoding=\"async\" class=\"swiper-slide-image\" src=\"https:\/\/ericbphotographie.com\/wp-content\/uploads\/2025\/01\/Photographe-portrait-Eric-B-Photographie-modele-M10.webp\" alt=\"s\u00e9ance portrait avec une mod\u00e8le professionnelle\" \/><\/figure><\/div><div class=\"swiper-slide\" role=\"group\" aria-roledescription=\"slide\" aria-label=\"9 sur 22\"><figure class=\"swiper-slide-inner\"><img decoding=\"async\" class=\"swiper-slide-image\" src=\"https:\/\/ericbphotographie.com\/wp-content\/uploads\/2025\/01\/Photographe-portrait-Eric-B-Photographie-Giulia4.webp\" alt=\"S\u00e9ance portrait Giulia\" \/><\/figure><\/div><div class=\"swiper-slide\" role=\"group\" aria-roledescription=\"slide\" aria-label=\"10 sur 22\"><figure class=\"swiper-slide-inner\"><img decoding=\"async\" class=\"swiper-slide-image\" src=\"https:\/\/ericbphotographie.com\/wp-content\/uploads\/2025\/01\/Photographe-portrait-Eric-B-Photographie-Giulia18-1.webp\" alt=\"\" \/><\/figure><\/div><div class=\"swiper-slide\" role=\"group\" aria-roledescription=\"slide\" aria-label=\"11 sur 22\"><figure class=\"swiper-slide-inner\"><img decoding=\"async\" class=\"swiper-slide-image\" src=\"https:\/\/ericbphotographie.com\/wp-content\/uploads\/2025\/01\/Photographe-lifestyle-Eric-B-Photographie-Michael2.webp\" alt=\"S\u00e9ance lifestyle\" \/><\/figure><\/div><div class=\"swiper-slide\" role=\"group\" aria-roledescription=\"slide\" aria-label=\"12 sur 22\"><figure class=\"swiper-slide-inner\"><img decoding=\"async\" class=\"swiper-slide-image\" src=\"https:\/\/ericbphotographie.com\/wp-content\/uploads\/2025\/01\/Photographe-lifestyle-Eric-B-Photographie-Michael15.webp\" alt=\"S\u00e9ance Lifestyle\" \/><\/figure><\/div><div class=\"swiper-slide\" role=\"group\" aria-roledescription=\"slide\" aria-label=\"13 sur 22\"><figure class=\"swiper-slide-inner\"><img decoding=\"async\" class=\"swiper-slide-image\" src=\"https:\/\/ericbphotographie.com\/wp-content\/uploads\/2025\/02\/Photographe-mariage-Eric-B-Photographie-valentine4.webp\" alt=\"Mariage Valentine &amp; Michael\" \/><\/figure><\/div><div class=\"swiper-slide\" role=\"group\" aria-roledescription=\"slide\" aria-label=\"14 sur 22\"><figure class=\"swiper-slide-inner\"><img decoding=\"async\" class=\"swiper-slide-image\" src=\"https:\/\/ericbphotographie.com\/wp-content\/uploads\/2025\/02\/Photographe-mariage-Eric-B-Photographie-valentine15.webp\" alt=\"Mariage Valentine &amp; Michael\" \/><\/figure><\/div><div class=\"swiper-slide\" role=\"group\" aria-roledescription=\"slide\" aria-label=\"15 sur 22\"><figure class=\"swiper-slide-inner\"><img decoding=\"async\" class=\"swiper-slide-image\" src=\"https:\/\/ericbphotographie.com\/wp-content\/uploads\/2025\/02\/Photographe-mariage-Eric-B-Photographie-valentine22.webp\" alt=\"Mariage Valentine &amp; Michael\" \/><\/figure><\/div><div class=\"swiper-slide\" role=\"group\" aria-roledescription=\"slide\" aria-label=\"16 sur 22\"><figure class=\"swiper-slide-inner\"><img decoding=\"async\" class=\"swiper-slide-image\" src=\"https:\/\/ericbphotographie.com\/wp-content\/uploads\/2025\/02\/Photographe-mariage-Eric-B-Photographie-valentine32.webp\" alt=\"Mariage Valentine &amp; Michael\" \/><\/figure><\/div><div class=\"swiper-slide\" role=\"group\" aria-roledescription=\"slide\" aria-label=\"17 sur 22\"><figure class=\"swiper-slide-inner\"><img decoding=\"async\" class=\"swiper-slide-image\" src=\"https:\/\/ericbphotographie.com\/wp-content\/uploads\/2025\/02\/Photographe-mariage-Eric-B-Photographie-valentine29.webp\" alt=\"Mariage Valentine &amp; Michael\" \/><\/figure><\/div><div class=\"swiper-slide\" role=\"group\" aria-roledescription=\"slide\" aria-label=\"18 sur 22\"><figure class=\"swiper-slide-inner\"><img decoding=\"async\" class=\"swiper-slide-image\" src=\"https:\/\/ericbphotographie.com\/wp-content\/uploads\/2025\/02\/Photographe-mariage-Eric-B-Photographie-valentine37.webp\" alt=\"Mariage Valentine &amp; Michael\" \/><\/figure><\/div><div class=\"swiper-slide\" role=\"group\" aria-roledescription=\"slide\" aria-label=\"19 sur 22\"><figure class=\"swiper-slide-inner\"><img decoding=\"async\" class=\"swiper-slide-image\" src=\"https:\/\/ericbphotographie.com\/wp-content\/uploads\/2025\/02\/Photographe-mariage-Eric-B-Photographie-seance-Castel-Bay15.webp\" alt=\"S\u00e9ance inspiration Castel Bay\" \/><\/figure><\/div><div class=\"swiper-slide\" role=\"group\" aria-roledescription=\"slide\" aria-label=\"20 sur 22\"><figure class=\"swiper-slide-inner\"><img decoding=\"async\" class=\"swiper-slide-image\" src=\"https:\/\/ericbphotographie.com\/wp-content\/uploads\/2025\/02\/Photographe-mariage-Eric-B-Photographie-seance-Castel-Bay14.webp\" alt=\"S\u00e9ance inspiration Castel Bay\" \/><\/figure><\/div><div class=\"swiper-slide\" role=\"group\" aria-roledescription=\"slide\" aria-label=\"21 sur 22\"><figure class=\"swiper-slide-inner\"><img decoding=\"async\" class=\"swiper-slide-image\" src=\"https:\/\/ericbphotographie.com\/wp-content\/uploads\/2025\/02\/Photographe-mariage-Eric-B-Photographie-seance-Castel-Bay12.webp\" alt=\"S\u00e9ance inspiration Castel Bay\" \/><\/figure><\/div><div class=\"swiper-slide\" role=\"group\" aria-roledescription=\"slide\" aria-label=\"22 sur 22\"><figure class=\"swiper-slide-inner\"><img decoding=\"async\" class=\"swiper-slide-image\" src=\"https:\/\/ericbphotographie.com\/wp-content\/uploads\/2025\/02\/Photographe-mariage-Eric-B-Photographie-seance-Castel-Bay4.webp\" alt=\"S\u00e9ance inspiration Castel Bay\" \/><\/figure><\/div>\t\t\t<\/div>\n\t\t\t\t\t\t\t\t\t\t\t\t<div class=\"elementor-swiper-button elementor-swiper-button-prev\" role=\"button\" tabindex=\"0\">\n\t\t\t\t\t\t<i aria-hidden=\"true\" class=\"eicon-chevron-left\"><\/i>\t\t\t\t\t<\/div>\n\t\t\t\t\t<div class=\"elementor-swiper-button elementor-swiper-button-next\" role=\"button\" tabindex=\"0\">\n\t\t\t\t\t\t<i aria-hidden=\"true\" class=\"eicon-chevron-right\"><\/i>\t\t\t\t\t<\/div>\n\t\t\t\t\n\t\t\t\t\t\t\t\t\t<div class=\"swiper-pagination\"><\/div>\n\t\t\t\t\t\t\t\t\t<\/div>\n\t\t\t\t\t\t<\/div>\n\t\t\t\t<\/div>\n\t\t\t\t\t<\/div>\n\t\t<\/div>\n\t\t\t\t\t<\/div>\n\t\t<\/section>\n\t\t\t\t<section class=\"elementor-section elementor-top-section elementor-element elementor-element-12314f0 elementor-section-boxed elementor-section-height-default elementor-section-height-default\" data-id=\"12314f0\" data-element_type=\"section\" data-e-type=\"section\">\n\t\t\t\t\t\t<div class=\"elementor-container elementor-column-gap-default\">\n\t\t\t\t\t<div class=\"elementor-column elementor-col-100 elementor-top-column elementor-element elementor-element-d9b6ace\" data-id=\"d9b6ace\" data-element_type=\"column\" data-e-type=\"column\">\n\t\t\t<div class=\"elementor-widget-wrap elementor-element-populated\">\n\t\t\t\t\t\t<div class=\"elementor-element elementor-element-7b1afd8 elementor-widget elementor-widget-text-editor\" data-id=\"7b1afd8\" data-element_type=\"widget\" data-e-type=\"widget\" data-widget_type=\"text-editor.default\">\n\t\t\t\t<div class=\"elementor-widget-container\">\n\t\t\t\t\t\t\t\t\t<p>Passionn\u00e9 depuis de nombreuses ann\u00e9es, j&rsquo;ai la chance d&rsquo;exercer cette activit\u00e9 en capturant des moments inoubliables pour mes clients. En effet, je pense que les meilleures photos sont celles qui racontent une histoire. Qui capturent l&rsquo;instant et qui suscitent des \u00e9motions.<\/p><p>Je mettrais mes comp\u00e9tences et mon exp\u00e9rience \u00e0 votre disposition afin d&rsquo;immortaliser les moments les plus importants de votre vie. Pour <span style=\"text-decoration: underline;\"><a href=\"https:\/\/ericbphotographie.com\/index.php\/mariages\/\">votre mariage<\/a><\/span>, <span style=\"text-decoration: underline;\"><a href=\"https:\/\/ericbphotographie.com\/index.php\/portraits-lifestyle-montpellier\/\">une s\u00e9ance portrait<\/a><\/span> ou tout autre \u00e9v\u00e9nement sp\u00e9cial, je suis l\u00e0 pour vous offrir des souvenirs inoubliables en images.<\/p><p>Bas\u00e9 \u00e0 Castelnau Le Lez, je couvre \u00e9galement toute la r\u00e9gion. Avec mon approche \u00e0 la fois artistique et documentaire, je suis en mesure de capturer les moments les plus spontan\u00e9s et les plus authentiques, cr\u00e9ant ainsi des images qui racontent une histoire.<\/p><p>Me tenant inform\u00e9 des derni\u00e8res innovations dans le domaine, je peux vous assurer d&rsquo;une qualit\u00e9 d&rsquo;image exceptionnelle. Maitrisant tout le processus de bout en bout, de la prise de photos \u00e0 leur livraison, en passant par la retouche pour optimiser chaque photo. Je suis \u00e9galement flexible et \u00e0 l&rsquo;\u00e9coute de mes clients, afin de r\u00e9pondre \u00e0 toutes vos demandes et de vous offrir une exp\u00e9rience personnalis\u00e9e.<\/p><p>Vous pouvez consulter la page <span style=\"text-decoration: underline;\"><a href=\"https:\/\/ericbphotographie.com\/index.php\/elementor-52041\/\">FAQ <\/a><\/span>pour vous permettre de r\u00e9pondre \u00e0 certaines questions que vous pourriez vous posez concernant les s\u00e9ances photos. Evidemment, vous pouvez m&rsquo;envoyer un message dans la page <span style=\"text-decoration: underline;\"><a href=\"https:\/\/ericbphotographie.com\/index.php\/contact\/\">Contact<\/a><\/span>.\u00a0<\/p><p>Et si de mani\u00e8re plus large, vous avez des questions concernant l&rsquo;organisation d&rsquo;un mariage, je vous conseille le <span style=\"text-decoration: underline;\"><a href=\"https:\/\/www.leblogdemadamec.fr\/\">blog mariage de Madame C<\/a>.<\/span> L&rsquo;un des plus s\u00e9rieux et complet.\u00a0<\/p>\t\t\t\t\t\t\t\t<\/div>\n\t\t\t\t<\/div>\n\t\t\t\t<div class=\"elementor-element elementor-element-094696c elementor-widget elementor-widget-text-editor\" data-id=\"094696c\" data-element_type=\"widget\" data-e-type=\"widget\" data-widget_type=\"text-editor.default\">\n\t\t\t\t<div class=\"elementor-widget-container\">\n\t\t\t\t\t\t\t\t\t<p style=\"text-align: center;\">\u00ab\u00a0Pour faire de belles photos, Il faut avoir de belles choses \u00e0 photographier\u00a0\u00bb<\/p>\t\t\t\t\t\t\t\t<\/div>\n\t\t\t\t<\/div>\n\t\t\t\t\t<\/div>\n\t\t<\/div>\n\t\t\t\t\t<\/div>\n\t\t<\/section>\n\t\t\t\t<\/div>\n\t\t","protected":false},"excerpt":{"rendered":"<p>Photographe de mariage et portrait \u00e0 Castelnau Le lez, Montpellier et sa r\u00e9gion. Passionn\u00e9 depuis de nombreuses ann\u00e9es, j&rsquo;ai la chance d&rsquo;exercer cette activit\u00e9 en capturant des moments inoubliables pour mes clients. En effet, je pense que les meilleures photos sont celles qui racontent une histoire. Qui capturent l&rsquo;instant et qui suscitent des \u00e9motions. Je&hellip;<\/p>\n","protected":false},"author":1,"featured_media":52540,"parent":0,"menu_order":0,"comment_status":"closed","ping_status":"closed","template":"elementor_header_footer","meta":{"_exactmetrics_skip_tracking":false,"_exactmetrics_sitenote_active":false,"_exactmetrics_sitenote_note":"","_exactmetrics_sitenote_category":0,"footnotes":""},"class_list":["post-36146","page","type-page","status-publish","has-post-thumbnail","hentry"],"yoast_head":"<!-- This site is optimized with the Yoast SEO plugin v27.4 - https:\/\/yoast.com\/product\/yoast-seo-wordpress\/ -->\n<title>Photographe de mariage et portrait \u00e0 Castelnau le lez \ud83d\udcf7<\/title>\n<meta name=\"description\" content=\"Photographe de mariage et portrait. Je capture vos plus beaux instants avec naturel et \u00e9l\u00e9gance. Des photos authentiques et lumineuses.\" \/>\n<meta name=\"robots\" content=\"index, follow, max-snippet:-1, max-image-preview:large, max-video-preview:-1\" \/>\n<link rel=\"canonical\" href=\"https:\/\/ericbphotographie.com\/\" \/>\n<meta property=\"og:locale\" content=\"fr_FR\" \/>\n<meta property=\"og:type\" content=\"article\" \/>\n<meta property=\"og:title\" content=\"Photographe de mariage et portrait \u00e0 Castelnau le lez \ud83d\udcf7\" \/>\n<meta property=\"og:description\" content=\"Photographe de mariage et portrait. Je capture vos plus beaux instants avec naturel et \u00e9l\u00e9gance. Des photos authentiques et lumineuses.\" \/>\n<meta property=\"og:url\" content=\"https:\/\/ericbphotographie.com\/\" \/>\n<meta property=\"og:site_name\" content=\"Eric B Photographie : photographe de mariage et portrait\" \/>\n<meta property=\"article:publisher\" content=\"https:\/\/www.facebook.com\/ericbphotographie34\/\" \/>\n<meta property=\"article:modified_time\" content=\"2026-02-22T08:28:14+00:00\" \/>\n<meta property=\"og:image\" content=\"https:\/\/ericbphotographie.com\/wp-content\/uploads\/2025\/02\/Photographe-mariage-Eric-B-Photographie-valentine15.webp\" \/>\n\t<meta property=\"og:image:width\" content=\"1600\" \/>\n\t<meta property=\"og:image:height\" content=\"1067\" \/>\n\t<meta property=\"og:image:type\" content=\"image\/webp\" \/>\n<meta name=\"twitter:card\" content=\"summary_large_image\" \/>\n<meta name=\"twitter:label1\" content=\"Dur\u00e9e de lecture estim\u00e9e\" \/>\n\t<meta name=\"twitter:data1\" content=\"7 minutes\" \/>\n<script type=\"application\/ld+json\" class=\"yoast-schema-graph\">{\"@context\":\"https:\\\/\\\/schema.org\",\"@graph\":[{\"@type\":\"WebPage\",\"@id\":\"https:\\\/\\\/ericbphotographie.com\\\/\",\"url\":\"https:\\\/\\\/ericbphotographie.com\\\/\",\"name\":\"Photographe de mariage et portrait \u00e0 Castelnau le lez \ud83d\udcf7\",\"isPartOf\":{\"@id\":\"https:\\\/\\\/ericbphotographie.com\\\/#website\"},\"primaryImageOfPage\":{\"@id\":\"https:\\\/\\\/ericbphotographie.com\\\/#primaryimage\"},\"image\":{\"@id\":\"https:\\\/\\\/ericbphotographie.com\\\/#primaryimage\"},\"thumbnailUrl\":\"https:\\\/\\\/ericbphotographie.com\\\/wp-content\\\/uploads\\\/2025\\\/02\\\/Photographe-mariage-Eric-B-Photographie-valentine15.webp\",\"datePublished\":\"2016-11-14T16:30:30+00:00\",\"dateModified\":\"2026-02-22T08:28:14+00:00\",\"description\":\"Photographe de mariage et portrait. Je capture vos plus beaux instants avec naturel et \u00e9l\u00e9gance. Des photos authentiques et lumineuses.\",\"breadcrumb\":{\"@id\":\"https:\\\/\\\/ericbphotographie.com\\\/#breadcrumb\"},\"inLanguage\":\"fr-FR\",\"potentialAction\":[{\"@type\":\"ReadAction\",\"target\":[\"https:\\\/\\\/ericbphotographie.com\\\/\"]}]},{\"@type\":\"ImageObject\",\"inLanguage\":\"fr-FR\",\"@id\":\"https:\\\/\\\/ericbphotographie.com\\\/#primaryimage\",\"url\":\"https:\\\/\\\/ericbphotographie.com\\\/wp-content\\\/uploads\\\/2025\\\/02\\\/Photographe-mariage-Eric-B-Photographie-valentine15.webp\",\"contentUrl\":\"https:\\\/\\\/ericbphotographie.com\\\/wp-content\\\/uploads\\\/2025\\\/02\\\/Photographe-mariage-Eric-B-Photographie-valentine15.webp\",\"width\":1600,\"height\":1067,\"caption\":\"Mariage Villeneuve les Maguelone et le Thor\"},{\"@type\":\"BreadcrumbList\",\"@id\":\"https:\\\/\\\/ericbphotographie.com\\\/#breadcrumb\",\"itemListElement\":[{\"@type\":\"ListItem\",\"position\":1,\"name\":\"Accueil\",\"item\":\"https:\\\/\\\/ericbphotographie.com\\\/\"},{\"@type\":\"ListItem\",\"position\":2,\"name\":\"Accueil\"}]},{\"@type\":\"WebSite\",\"@id\":\"https:\\\/\\\/ericbphotographie.com\\\/#website\",\"url\":\"https:\\\/\\\/ericbphotographie.com\\\/\",\"name\":\"Eric B Photographie : photographe de mariage et portrait\",\"description\":\"Des photos pour de beaux souvenirs\",\"publisher\":{\"@id\":\"https:\\\/\\\/ericbphotographie.com\\\/#organization\"},\"potentialAction\":[{\"@type\":\"SearchAction\",\"target\":{\"@type\":\"EntryPoint\",\"urlTemplate\":\"https:\\\/\\\/ericbphotographie.com\\\/?s={search_term_string}\"},\"query-input\":{\"@type\":\"PropertyValueSpecification\",\"valueRequired\":true,\"valueName\":\"search_term_string\"}}],\"inLanguage\":\"fr-FR\"},{\"@type\":\"Organization\",\"@id\":\"https:\\\/\\\/ericbphotographie.com\\\/#organization\",\"name\":\"Eric B Photographie\",\"url\":\"https:\\\/\\\/ericbphotographie.com\\\/\",\"logo\":{\"@type\":\"ImageObject\",\"inLanguage\":\"fr-FR\",\"@id\":\"https:\\\/\\\/ericbphotographie.com\\\/#\\\/schema\\\/logo\\\/image\\\/\",\"url\":\"https:\\\/\\\/ericbphotographie.com\\\/wp-content\\\/uploads\\\/2018\\\/11\\\/Logo-EricB-nf.png\",\"contentUrl\":\"https:\\\/\\\/ericbphotographie.com\\\/wp-content\\\/uploads\\\/2018\\\/11\\\/Logo-EricB-nf.png\",\"width\":243,\"height\":206,\"caption\":\"Eric B Photographie\"},\"image\":{\"@id\":\"https:\\\/\\\/ericbphotographie.com\\\/#\\\/schema\\\/logo\\\/image\\\/\"},\"sameAs\":[\"https:\\\/\\\/www.facebook.com\\\/ericbphotographie34\\\/\",\"https:\\\/\\\/www.instagram.com\\\/ericb.photographie\\\/\"]}]}<\/script>\n<!-- \/ Yoast SEO plugin. -->","yoast_head_json":{"title":"Photographe de mariage et portrait \u00e0 Castelnau le lez \ud83d\udcf7","description":"Photographe de mariage et portrait. Je capture vos plus beaux instants avec naturel et \u00e9l\u00e9gance. Des photos authentiques et lumineuses.","robots":{"index":"index","follow":"follow","max-snippet":"max-snippet:-1","max-image-preview":"max-image-preview:large","max-video-preview":"max-video-preview:-1"},"canonical":"https:\/\/ericbphotographie.com\/","og_locale":"fr_FR","og_type":"article","og_title":"Photographe de mariage et portrait \u00e0 Castelnau le lez \ud83d\udcf7","og_description":"Photographe de mariage et portrait. Je capture vos plus beaux instants avec naturel et \u00e9l\u00e9gance. Des photos authentiques et lumineuses.","og_url":"https:\/\/ericbphotographie.com\/","og_site_name":"Eric B Photographie : photographe de mariage et portrait","article_publisher":"https:\/\/www.facebook.com\/ericbphotographie34\/","article_modified_time":"2026-02-22T08:28:14+00:00","og_image":[{"width":1600,"height":1067,"url":"https:\/\/ericbphotographie.com\/wp-content\/uploads\/2025\/02\/Photographe-mariage-Eric-B-Photographie-valentine15.webp","type":"image\/webp"}],"twitter_card":"summary_large_image","twitter_misc":{"Dur\u00e9e de lecture estim\u00e9e":"7 minutes"},"schema":{"@context":"https:\/\/schema.org","@graph":[{"@type":"WebPage","@id":"https:\/\/ericbphotographie.com\/","url":"https:\/\/ericbphotographie.com\/","name":"Photographe de mariage et portrait \u00e0 Castelnau le lez \ud83d\udcf7","isPartOf":{"@id":"https:\/\/ericbphotographie.com\/#website"},"primaryImageOfPage":{"@id":"https:\/\/ericbphotographie.com\/#primaryimage"},"image":{"@id":"https:\/\/ericbphotographie.com\/#primaryimage"},"thumbnailUrl":"https:\/\/ericbphotographie.com\/wp-content\/uploads\/2025\/02\/Photographe-mariage-Eric-B-Photographie-valentine15.webp","datePublished":"2016-11-14T16:30:30+00:00","dateModified":"2026-02-22T08:28:14+00:00","description":"Photographe de mariage et portrait. Je capture vos plus beaux instants avec naturel et \u00e9l\u00e9gance. Des photos authentiques et lumineuses.","breadcrumb":{"@id":"https:\/\/ericbphotographie.com\/#breadcrumb"},"inLanguage":"fr-FR","potentialAction":[{"@type":"ReadAction","target":["https:\/\/ericbphotographie.com\/"]}]},{"@type":"ImageObject","inLanguage":"fr-FR","@id":"https:\/\/ericbphotographie.com\/#primaryimage","url":"https:\/\/ericbphotographie.com\/wp-content\/uploads\/2025\/02\/Photographe-mariage-Eric-B-Photographie-valentine15.webp","contentUrl":"https:\/\/ericbphotographie.com\/wp-content\/uploads\/2025\/02\/Photographe-mariage-Eric-B-Photographie-valentine15.webp","width":1600,"height":1067,"caption":"Mariage Villeneuve les Maguelone et le Thor"},{"@type":"BreadcrumbList","@id":"https:\/\/ericbphotographie.com\/#breadcrumb","itemListElement":[{"@type":"ListItem","position":1,"name":"Accueil","item":"https:\/\/ericbphotographie.com\/"},{"@type":"ListItem","position":2,"name":"Accueil"}]},{"@type":"WebSite","@id":"https:\/\/ericbphotographie.com\/#website","url":"https:\/\/ericbphotographie.com\/","name":"Eric B Photographie : photographe de mariage et portrait","description":"Des photos pour de beaux souvenirs","publisher":{"@id":"https:\/\/ericbphotographie.com\/#organization"},"potentialAction":[{"@type":"SearchAction","target":{"@type":"EntryPoint","urlTemplate":"https:\/\/ericbphotographie.com\/?s={search_term_string}"},"query-input":{"@type":"PropertyValueSpecification","valueRequired":true,"valueName":"search_term_string"}}],"inLanguage":"fr-FR"},{"@type":"Organization","@id":"https:\/\/ericbphotographie.com\/#organization","name":"Eric B Photographie","url":"https:\/\/ericbphotographie.com\/","logo":{"@type":"ImageObject","inLanguage":"fr-FR","@id":"https:\/\/ericbphotographie.com\/#\/schema\/logo\/image\/","url":"https:\/\/ericbphotographie.com\/wp-content\/uploads\/2018\/11\/Logo-EricB-nf.png","contentUrl":"https:\/\/ericbphotographie.com\/wp-content\/uploads\/2018\/11\/Logo-EricB-nf.png","width":243,"height":206,"caption":"Eric B Photographie"},"image":{"@id":"https:\/\/ericbphotographie.com\/#\/schema\/logo\/image\/"},"sameAs":["https:\/\/www.facebook.com\/ericbphotographie34\/","https:\/\/www.instagram.com\/ericb.photographie\/"]}]}},"_links":{"self":[{"href":"https:\/\/ericbphotographie.com\/index.php\/wp-json\/wp\/v2\/pages\/36146","targetHints":{"allow":["GET"]}}],"collection":[{"href":"https:\/\/ericbphotographie.com\/index.php\/wp-json\/wp\/v2\/pages"}],"about":[{"href":"https:\/\/ericbphotographie.com\/index.php\/wp-json\/wp\/v2\/types\/page"}],"author":[{"embeddable":true,"href":"https:\/\/ericbphotographie.com\/index.php\/wp-json\/wp\/v2\/users\/1"}],"replies":[{"embeddable":true,"href":"https:\/\/ericbphotographie.com\/index.php\/wp-json\/wp\/v2\/comments?post=36146"}],"version-history":[{"count":270,"href":"https:\/\/ericbphotographie.com\/index.php\/wp-json\/wp\/v2\/pages\/36146\/revisions"}],"predecessor-version":[{"id":52782,"href":"https:\/\/ericbphotographie.com\/index.php\/wp-json\/wp\/v2\/pages\/36146\/revisions\/52782"}],"wp:featuredmedia":[{"embeddable":true,"href":"https:\/\/ericbphotographie.com\/index.php\/wp-json\/wp\/v2\/media\/52540"}],"wp:attachment":[{"href":"https:\/\/ericbphotographie.com\/index.php\/wp-json\/wp\/v2\/media?parent=36146"}],"curies":[{"name":"wp","href":"https:\/\/api.w.org\/{rel}","templated":true}]}}