{"id":50515,"date":"2017-05-28T19:20:10","date_gmt":"2017-05-28T17:20:10","guid":{"rendered":"https:\/\/ericbphotographie.com\/?page_id=50515"},"modified":"2026-02-21T18:38:53","modified_gmt":"2026-02-21T17:38:53","slug":"mariages","status":"publish","type":"page","link":"https:\/\/ericbphotographie.com\/index.php\/mariages\/","title":{"rendered":"Mariages"},"content":{"rendered":"\t\t<div data-elementor-type=\"wp-post\" data-elementor-id=\"50515\" class=\"elementor elementor-50515\" data-elementor-post-type=\"page\">\n\t\t\t\t\t\t<section class=\"elementor-section elementor-top-section elementor-element elementor-element-d760814 elementor-section-boxed elementor-section-height-default elementor-section-height-default\" data-id=\"d760814\" data-element_type=\"section\" data-e-type=\"section\">\n\t\t\t\t\t\t<div class=\"elementor-container elementor-column-gap-default\">\n\t\t\t\t\t<div class=\"elementor-column elementor-col-100 elementor-top-column elementor-element elementor-element-1ad500c\" data-id=\"1ad500c\" data-element_type=\"column\" data-e-type=\"column\">\n\t\t\t<div class=\"elementor-widget-wrap elementor-element-populated\">\n\t\t\t\t\t\t<div class=\"elementor-element elementor-element-52bb513 elementor-widget elementor-widget-text-editor\" data-id=\"52bb513\" data-element_type=\"widget\" data-e-type=\"widget\" data-widget_type=\"text-editor.default\">\n\t\t\t\t<div class=\"elementor-widget-container\">\n\t\t\t\t\t\t\t\t\t<p>Photographe de mariage sur Montpellier et sa r\u00e9gion, je r\u00e9alise vos photos.<\/p><p style=\"text-align: justify;\">Quel plus beau souvenir qu&rsquo;un mariage, hormis celui de la naissance d&rsquo;un enfant ?<\/p><p style=\"text-align: justify;\">Ce jour-l\u00e0, je me mettrai \u00e0 votre service. Je me montrerai le plus discret possible et \u00e0 votre l\u2019\u00e9coute. C&rsquo;est pourquoi j&rsquo;attache une grande importance aux contacts et rencontres en amont avec les futurs mari\u00e9s. Ainsi, vous n&rsquo;aurez \u00e0 pensez \u00e0 rien d&rsquo;autre que de profiter de cette journ\u00e9e sp\u00e9ciale. Je vous fournirai les photos qui vous donnerons le sourire quand vous les reverrez dans quelques ann\u00e9es et les montrerez \u00e0 vos amis, votre famille ou vos enfants.<\/p><p style=\"text-align: justify;\">Parce que le jour de votre mariage est unique et va vous donner l\u2019impression d\u2019\u00eatre pass\u00e9 trop vite, mes photos seront l\u00e0 pour vous faire revivre cette tr\u00e8s belle journ\u00e9e.<\/p>\t\t\t\t\t\t\t\t<\/div>\n\t\t\t\t<\/div>\n\t\t\t\t\t<\/div>\n\t\t<\/div>\n\t\t\t\t\t<\/div>\n\t\t<\/section>\n\t\t\t\t<section class=\"elementor-section elementor-top-section elementor-element elementor-element-babcfe9 elementor-section-boxed elementor-section-height-default elementor-section-height-default\" data-id=\"babcfe9\" data-element_type=\"section\" data-e-type=\"section\">\n\t\t\t\t\t\t<div class=\"elementor-container elementor-column-gap-default\">\n\t\t\t\t\t<div class=\"elementor-column elementor-col-100 elementor-top-column elementor-element elementor-element-cf18d78\" data-id=\"cf18d78\" data-element_type=\"column\" data-e-type=\"column\">\n\t\t\t<div class=\"elementor-widget-wrap elementor-element-populated\">\n\t\t\t\t\t\t<div class=\"elementor-element elementor-element-e939c34 elementor-position-top elementor-widget elementor-widget-image-box\" data-id=\"e939c34\" data-element_type=\"widget\" data-e-type=\"widget\" data-widget_type=\"image-box.default\">\n\t\t\t\t<div class=\"elementor-widget-container\">\n\t\t\t\t\t<div class=\"elementor-image-box-wrapper\"><figure class=\"elementor-image-box-img\"><a href=\"https:\/\/ericbphotographie.com\/index.php\/mariages\/mariage-michael-et-valentine\/\" tabindex=\"-1\"><img fetchpriority=\"high\" decoding=\"async\" width=\"1600\" height=\"1067\" src=\"https:\/\/ericbphotographie.com\/wp-content\/uploads\/2025\/02\/Photographe-mariage-Eric-B-Photographie-valentine22.webp\" class=\"elementor-animation-grow attachment-full size-full wp-image-52547\" alt=\"Mariage Valentine &amp; Michael\" srcset=\"https:\/\/ericbphotographie.com\/wp-content\/uploads\/2025\/02\/Photographe-mariage-Eric-B-Photographie-valentine22.webp 1600w, https:\/\/ericbphotographie.com\/wp-content\/uploads\/2025\/02\/Photographe-mariage-Eric-B-Photographie-valentine22-300x200.webp 300w, https:\/\/ericbphotographie.com\/wp-content\/uploads\/2025\/02\/Photographe-mariage-Eric-B-Photographie-valentine22-1024x683.webp 1024w, https:\/\/ericbphotographie.com\/wp-content\/uploads\/2025\/02\/Photographe-mariage-Eric-B-Photographie-valentine22-768x512.webp 768w, https:\/\/ericbphotographie.com\/wp-content\/uploads\/2025\/02\/Photographe-mariage-Eric-B-Photographie-valentine22-1536x1024.webp 1536w, https:\/\/ericbphotographie.com\/wp-content\/uploads\/2025\/02\/Photographe-mariage-Eric-B-Photographie-valentine22-600x400.webp 600w\" sizes=\"(max-width: 1600px) 100vw, 1600px\" \/><\/a><\/figure><div class=\"elementor-image-box-content\"><h2 class=\"elementor-image-box-title\"><a href=\"https:\/\/ericbphotographie.com\/index.php\/mariages\/mariage-michael-et-valentine\/\">Mariage Valentine &amp; Michael - H\u00e9rault<\/a><\/h2><p class=\"elementor-image-box-description\">Carr\u00e9 Mer - Villeneuve les Maguelone &amp;\nMas Saint Martin - Le Thor\n<\/p><\/div><\/div>\t\t\t\t<\/div>\n\t\t\t\t<\/div>\n\t\t\t\t<div class=\"elementor-element elementor-element-03b1ba3 elementor-position-top elementor-widget elementor-widget-image-box\" data-id=\"03b1ba3\" data-element_type=\"widget\" data-e-type=\"widget\" data-widget_type=\"image-box.default\">\n\t\t\t\t<div class=\"elementor-widget-container\">\n\t\t\t\t\t<div class=\"elementor-image-box-wrapper\"><figure class=\"elementor-image-box-img\"><a href=\"https:\/\/ericbphotographie.com\/index.php\/mariages\/mariage-alexandra\/\" tabindex=\"-1\"><img decoding=\"async\" width=\"1600\" height=\"1067\" src=\"https:\/\/ericbphotographie.com\/wp-content\/uploads\/2025\/02\/Photographe-mariage-Eric-B-Photographie-Alexandra29.webp\" class=\"elementor-animation-grow attachment-full size-full wp-image-52597\" alt=\"Mariage Alexandra &amp; Maxime\" srcset=\"https:\/\/ericbphotographie.com\/wp-content\/uploads\/2025\/02\/Photographe-mariage-Eric-B-Photographie-Alexandra29.webp 1600w, https:\/\/ericbphotographie.com\/wp-content\/uploads\/2025\/02\/Photographe-mariage-Eric-B-Photographie-Alexandra29-300x200.webp 300w, https:\/\/ericbphotographie.com\/wp-content\/uploads\/2025\/02\/Photographe-mariage-Eric-B-Photographie-Alexandra29-1024x683.webp 1024w, https:\/\/ericbphotographie.com\/wp-content\/uploads\/2025\/02\/Photographe-mariage-Eric-B-Photographie-Alexandra29-768x512.webp 768w, https:\/\/ericbphotographie.com\/wp-content\/uploads\/2025\/02\/Photographe-mariage-Eric-B-Photographie-Alexandra29-1536x1024.webp 1536w, https:\/\/ericbphotographie.com\/wp-content\/uploads\/2025\/02\/Photographe-mariage-Eric-B-Photographie-Alexandra29-600x400.webp 600w\" sizes=\"(max-width: 1600px) 100vw, 1600px\" \/><\/a><\/figure><div class=\"elementor-image-box-content\"><h2 class=\"elementor-image-box-title\"><a href=\"https:\/\/ericbphotographie.com\/index.php\/mariages\/mariage-alexandra\/\">Mariage Alexandra &amp; Maxime<\/a><\/h2><p class=\"elementor-image-box-description\">Ch\u00e2teau Font du Broc - Les Arcs sur Argens<\/p><\/div><\/div>\t\t\t\t<\/div>\n\t\t\t\t<\/div>\n\t\t\t\t<div class=\"elementor-element elementor-element-9d16b51 elementor-position-top elementor-widget elementor-widget-image-box\" data-id=\"9d16b51\" data-element_type=\"widget\" data-e-type=\"widget\" data-widget_type=\"image-box.default\">\n\t\t\t\t<div class=\"elementor-widget-container\">\n\t\t\t\t\t<div class=\"elementor-image-box-wrapper\"><figure class=\"elementor-image-box-img\"><a href=\"https:\/\/ericbphotographie.com\/index.php\/mariages\/seance-inspiration-mariage\/\" tabindex=\"-1\"><img decoding=\"async\" width=\"1800\" height=\"1200\" src=\"https:\/\/ericbphotographie.com\/wp-content\/uploads\/2025\/02\/Photographe-mariage-Eric-B-Photographie-seance-Castel-Bay15.webp\" class=\"elementor-animation-grow attachment-full size-full wp-image-52686\" alt=\"S\u00e9ance inspiration Castel Bay\" srcset=\"https:\/\/ericbphotographie.com\/wp-content\/uploads\/2025\/02\/Photographe-mariage-Eric-B-Photographie-seance-Castel-Bay15.webp 1800w, https:\/\/ericbphotographie.com\/wp-content\/uploads\/2025\/02\/Photographe-mariage-Eric-B-Photographie-seance-Castel-Bay15-300x200.webp 300w, https:\/\/ericbphotographie.com\/wp-content\/uploads\/2025\/02\/Photographe-mariage-Eric-B-Photographie-seance-Castel-Bay15-1024x683.webp 1024w, https:\/\/ericbphotographie.com\/wp-content\/uploads\/2025\/02\/Photographe-mariage-Eric-B-Photographie-seance-Castel-Bay15-768x512.webp 768w, https:\/\/ericbphotographie.com\/wp-content\/uploads\/2025\/02\/Photographe-mariage-Eric-B-Photographie-seance-Castel-Bay15-1536x1024.webp 1536w, https:\/\/ericbphotographie.com\/wp-content\/uploads\/2025\/02\/Photographe-mariage-Eric-B-Photographie-seance-Castel-Bay15-600x400.webp 600w\" sizes=\"(max-width: 1800px) 100vw, 1800px\" \/><\/a><\/figure><div class=\"elementor-image-box-content\"><h2 class=\"elementor-image-box-title\"><a href=\"https:\/\/ericbphotographie.com\/index.php\/mariages\/seance-inspiration-mariage\/\">S\u00e9ance inspiration mariage<\/a><\/h2><p class=\"elementor-image-box-description\">Le Castel Bay - Hy\u00e8res<\/p><\/div><\/div>\t\t\t\t<\/div>\n\t\t\t\t<\/div>\n\t\t\t\t\t<\/div>\n\t\t<\/div>\n\t\t\t\t\t<\/div>\n\t\t<\/section>\n\t\t\t\t<section class=\"elementor-section elementor-top-section elementor-element elementor-element-d021bb3 elementor-section-boxed elementor-section-height-default elementor-section-height-default\" data-id=\"d021bb3\" data-element_type=\"section\" data-e-type=\"section\">\n\t\t\t\t\t\t<div class=\"elementor-container elementor-column-gap-default\">\n\t\t\t\t\t<div class=\"elementor-column elementor-col-100 elementor-top-column elementor-element elementor-element-f112768\" data-id=\"f112768\" data-element_type=\"column\" data-e-type=\"column\">\n\t\t\t<div class=\"elementor-widget-wrap\">\n\t\t\t\t\t\t\t<\/div>\n\t\t<\/div>\n\t\t\t\t\t<\/div>\n\t\t<\/section>\n\t\t\t\t<section class=\"elementor-section elementor-top-section elementor-element elementor-element-694b952 elementor-section-boxed elementor-section-height-default elementor-section-height-default\" data-id=\"694b952\" data-element_type=\"section\" data-e-type=\"section\">\n\t\t\t\t\t\t<div class=\"elementor-container elementor-column-gap-default\">\n\t\t\t\t\t<div class=\"elementor-column elementor-col-100 elementor-top-column elementor-element elementor-element-f107888\" data-id=\"f107888\" data-element_type=\"column\" data-e-type=\"column\">\n\t\t\t<div class=\"elementor-widget-wrap\">\n\t\t\t\t\t\t\t<\/div>\n\t\t<\/div>\n\t\t\t\t\t<\/div>\n\t\t<\/section>\n\t\t\t\t<\/div>\n\t\t","protected":false},"excerpt":{"rendered":"<p>Photographe de mariage sur Montpellier et sa r\u00e9gion, je r\u00e9alise vos photos. Quel plus beau souvenir qu&rsquo;un mariage, hormis celui de la naissance d&rsquo;un enfant ? Ce jour-l\u00e0, je me mettrai \u00e0 votre service. Je me montrerai le plus discret possible et \u00e0 votre l\u2019\u00e9coute. C&rsquo;est pourquoi j&rsquo;attache une grande importance aux contacts et rencontres&hellip;<\/p>\n","protected":false},"author":1,"featured_media":52303,"parent":0,"menu_order":0,"comment_status":"open","ping_status":"closed","template":"elementor_header_footer","meta":{"_exactmetrics_skip_tracking":false,"_exactmetrics_sitenote_active":false,"_exactmetrics_sitenote_note":"","_exactmetrics_sitenote_category":0,"footnotes":""},"class_list":["post-50515","page","type-page","status-publish","has-post-thumbnail","hentry"],"yoast_head":"<!-- This site is optimized with the Yoast SEO plugin v27.3 - https:\/\/yoast.com\/product\/yoast-seo-wordpress\/ -->\n<title>Photos de mariage sur Montpellier et sa r\u00e9gion<\/title>\n<meta name=\"description\" content=\"Je r\u00e9alise les photos de votre mariage, \u00e0 Montpellier et sa r\u00e9gion pour prolonger le plaisir et le bonheur de cette magnifique journ\u00e9es.\" \/>\n<meta name=\"robots\" content=\"index, follow, max-snippet:-1, max-image-preview:large, max-video-preview:-1\" \/>\n<link rel=\"canonical\" href=\"https:\/\/ericbphotographie.com\/index.php\/mariages\/\" \/>\n<meta property=\"og:locale\" content=\"fr_FR\" \/>\n<meta property=\"og:type\" content=\"article\" \/>\n<meta property=\"og:title\" content=\"Photos de mariage sur Montpellier et sa r\u00e9gion\" \/>\n<meta property=\"og:description\" content=\"Je r\u00e9alise les photos de votre mariage, \u00e0 Montpellier et sa r\u00e9gion pour prolonger le plaisir et le bonheur de cette magnifique journ\u00e9es.\" \/>\n<meta property=\"og:url\" content=\"https:\/\/ericbphotographie.com\/index.php\/mariages\/\" \/>\n<meta property=\"og:site_name\" content=\"Eric B Photographie : photographe de mariage et portrait\" \/>\n<meta property=\"article:publisher\" content=\"https:\/\/www.facebook.com\/ericbphotographie34\/\" \/>\n<meta property=\"article:modified_time\" content=\"2026-02-21T17:38:53+00:00\" \/>\n<meta property=\"og:image\" content=\"https:\/\/ericbphotographie.com\/wp-content\/uploads\/2025\/01\/Mariage-Alexandra-10.jpg\" \/>\n\t<meta property=\"og:image:width\" content=\"2500\" \/>\n\t<meta property=\"og:image:height\" content=\"1875\" \/>\n\t<meta property=\"og:image:type\" content=\"image\/jpeg\" \/>\n<meta name=\"twitter:card\" content=\"summary_large_image\" \/>\n<meta name=\"twitter:label1\" content=\"Dur\u00e9e de lecture estim\u00e9e\" \/>\n\t<meta name=\"twitter:data1\" content=\"2 minutes\" \/>\n<script type=\"application\/ld+json\" class=\"yoast-schema-graph\">{\"@context\":\"https:\\\/\\\/schema.org\",\"@graph\":[{\"@type\":\"WebPage\",\"@id\":\"https:\\\/\\\/ericbphotographie.com\\\/index.php\\\/mariages\\\/\",\"url\":\"https:\\\/\\\/ericbphotographie.com\\\/index.php\\\/mariages\\\/\",\"name\":\"Photos de mariage sur Montpellier et sa r\u00e9gion\",\"isPartOf\":{\"@id\":\"https:\\\/\\\/ericbphotographie.com\\\/#website\"},\"primaryImageOfPage\":{\"@id\":\"https:\\\/\\\/ericbphotographie.com\\\/index.php\\\/mariages\\\/#primaryimage\"},\"image\":{\"@id\":\"https:\\\/\\\/ericbphotographie.com\\\/index.php\\\/mariages\\\/#primaryimage\"},\"thumbnailUrl\":\"https:\\\/\\\/ericbphotographie.com\\\/wp-content\\\/uploads\\\/2025\\\/01\\\/Mariage-Alexandra-10.jpg\",\"datePublished\":\"2017-05-28T17:20:10+00:00\",\"dateModified\":\"2026-02-21T17:38:53+00:00\",\"description\":\"Je r\u00e9alise les photos de votre mariage, \u00e0 Montpellier et sa r\u00e9gion pour prolonger le plaisir et le bonheur de cette magnifique journ\u00e9es.\",\"breadcrumb\":{\"@id\":\"https:\\\/\\\/ericbphotographie.com\\\/index.php\\\/mariages\\\/#breadcrumb\"},\"inLanguage\":\"fr-FR\",\"potentialAction\":[{\"@type\":\"ReadAction\",\"target\":[\"https:\\\/\\\/ericbphotographie.com\\\/index.php\\\/mariages\\\/\"]}]},{\"@type\":\"ImageObject\",\"inLanguage\":\"fr-FR\",\"@id\":\"https:\\\/\\\/ericbphotographie.com\\\/index.php\\\/mariages\\\/#primaryimage\",\"url\":\"https:\\\/\\\/ericbphotographie.com\\\/wp-content\\\/uploads\\\/2025\\\/01\\\/Mariage-Alexandra-10.jpg\",\"contentUrl\":\"https:\\\/\\\/ericbphotographie.com\\\/wp-content\\\/uploads\\\/2025\\\/01\\\/Mariage-Alexandra-10.jpg\",\"width\":2500,\"height\":1875},{\"@type\":\"BreadcrumbList\",\"@id\":\"https:\\\/\\\/ericbphotographie.com\\\/index.php\\\/mariages\\\/#breadcrumb\",\"itemListElement\":[{\"@type\":\"ListItem\",\"position\":1,\"name\":\"Accueil\",\"item\":\"https:\\\/\\\/ericbphotographie.com\\\/\"},{\"@type\":\"ListItem\",\"position\":2,\"name\":\"Mariages\"}]},{\"@type\":\"WebSite\",\"@id\":\"https:\\\/\\\/ericbphotographie.com\\\/#website\",\"url\":\"https:\\\/\\\/ericbphotographie.com\\\/\",\"name\":\"Eric B Photographie : photographe de mariage et portrait\",\"description\":\"Des photos pour de beaux souvenirs\",\"publisher\":{\"@id\":\"https:\\\/\\\/ericbphotographie.com\\\/#organization\"},\"potentialAction\":[{\"@type\":\"SearchAction\",\"target\":{\"@type\":\"EntryPoint\",\"urlTemplate\":\"https:\\\/\\\/ericbphotographie.com\\\/?s={search_term_string}\"},\"query-input\":{\"@type\":\"PropertyValueSpecification\",\"valueRequired\":true,\"valueName\":\"search_term_string\"}}],\"inLanguage\":\"fr-FR\"},{\"@type\":\"Organization\",\"@id\":\"https:\\\/\\\/ericbphotographie.com\\\/#organization\",\"name\":\"Eric B Photographie\",\"url\":\"https:\\\/\\\/ericbphotographie.com\\\/\",\"logo\":{\"@type\":\"ImageObject\",\"inLanguage\":\"fr-FR\",\"@id\":\"https:\\\/\\\/ericbphotographie.com\\\/#\\\/schema\\\/logo\\\/image\\\/\",\"url\":\"https:\\\/\\\/ericbphotographie.com\\\/wp-content\\\/uploads\\\/2018\\\/11\\\/Logo-EricB-nf.png\",\"contentUrl\":\"https:\\\/\\\/ericbphotographie.com\\\/wp-content\\\/uploads\\\/2018\\\/11\\\/Logo-EricB-nf.png\",\"width\":243,\"height\":206,\"caption\":\"Eric B Photographie\"},\"image\":{\"@id\":\"https:\\\/\\\/ericbphotographie.com\\\/#\\\/schema\\\/logo\\\/image\\\/\"},\"sameAs\":[\"https:\\\/\\\/www.facebook.com\\\/ericbphotographie34\\\/\",\"https:\\\/\\\/www.instagram.com\\\/ericb.photographie\\\/\"]}]}<\/script>\n<!-- \/ Yoast SEO plugin. -->","yoast_head_json":{"title":"Photos de mariage sur Montpellier et sa r\u00e9gion","description":"Je r\u00e9alise les photos de votre mariage, \u00e0 Montpellier et sa r\u00e9gion pour prolonger le plaisir et le bonheur de cette magnifique journ\u00e9es.","robots":{"index":"index","follow":"follow","max-snippet":"max-snippet:-1","max-image-preview":"max-image-preview:large","max-video-preview":"max-video-preview:-1"},"canonical":"https:\/\/ericbphotographie.com\/index.php\/mariages\/","og_locale":"fr_FR","og_type":"article","og_title":"Photos de mariage sur Montpellier et sa r\u00e9gion","og_description":"Je r\u00e9alise les photos de votre mariage, \u00e0 Montpellier et sa r\u00e9gion pour prolonger le plaisir et le bonheur de cette magnifique journ\u00e9es.","og_url":"https:\/\/ericbphotographie.com\/index.php\/mariages\/","og_site_name":"Eric B Photographie : photographe de mariage et portrait","article_publisher":"https:\/\/www.facebook.com\/ericbphotographie34\/","article_modified_time":"2026-02-21T17:38:53+00:00","og_image":[{"width":2500,"height":1875,"url":"https:\/\/ericbphotographie.com\/wp-content\/uploads\/2025\/01\/Mariage-Alexandra-10.jpg","type":"image\/jpeg"}],"twitter_card":"summary_large_image","twitter_misc":{"Dur\u00e9e de lecture estim\u00e9e":"2 minutes"},"schema":{"@context":"https:\/\/schema.org","@graph":[{"@type":"WebPage","@id":"https:\/\/ericbphotographie.com\/index.php\/mariages\/","url":"https:\/\/ericbphotographie.com\/index.php\/mariages\/","name":"Photos de mariage sur Montpellier et sa r\u00e9gion","isPartOf":{"@id":"https:\/\/ericbphotographie.com\/#website"},"primaryImageOfPage":{"@id":"https:\/\/ericbphotographie.com\/index.php\/mariages\/#primaryimage"},"image":{"@id":"https:\/\/ericbphotographie.com\/index.php\/mariages\/#primaryimage"},"thumbnailUrl":"https:\/\/ericbphotographie.com\/wp-content\/uploads\/2025\/01\/Mariage-Alexandra-10.jpg","datePublished":"2017-05-28T17:20:10+00:00","dateModified":"2026-02-21T17:38:53+00:00","description":"Je r\u00e9alise les photos de votre mariage, \u00e0 Montpellier et sa r\u00e9gion pour prolonger le plaisir et le bonheur de cette magnifique journ\u00e9es.","breadcrumb":{"@id":"https:\/\/ericbphotographie.com\/index.php\/mariages\/#breadcrumb"},"inLanguage":"fr-FR","potentialAction":[{"@type":"ReadAction","target":["https:\/\/ericbphotographie.com\/index.php\/mariages\/"]}]},{"@type":"ImageObject","inLanguage":"fr-FR","@id":"https:\/\/ericbphotographie.com\/index.php\/mariages\/#primaryimage","url":"https:\/\/ericbphotographie.com\/wp-content\/uploads\/2025\/01\/Mariage-Alexandra-10.jpg","contentUrl":"https:\/\/ericbphotographie.com\/wp-content\/uploads\/2025\/01\/Mariage-Alexandra-10.jpg","width":2500,"height":1875},{"@type":"BreadcrumbList","@id":"https:\/\/ericbphotographie.com\/index.php\/mariages\/#breadcrumb","itemListElement":[{"@type":"ListItem","position":1,"name":"Accueil","item":"https:\/\/ericbphotographie.com\/"},{"@type":"ListItem","position":2,"name":"Mariages"}]},{"@type":"WebSite","@id":"https:\/\/ericbphotographie.com\/#website","url":"https:\/\/ericbphotographie.com\/","name":"Eric B Photographie : photographe de mariage et portrait","description":"Des photos pour de beaux souvenirs","publisher":{"@id":"https:\/\/ericbphotographie.com\/#organization"},"potentialAction":[{"@type":"SearchAction","target":{"@type":"EntryPoint","urlTemplate":"https:\/\/ericbphotographie.com\/?s={search_term_string}"},"query-input":{"@type":"PropertyValueSpecification","valueRequired":true,"valueName":"search_term_string"}}],"inLanguage":"fr-FR"},{"@type":"Organization","@id":"https:\/\/ericbphotographie.com\/#organization","name":"Eric B Photographie","url":"https:\/\/ericbphotographie.com\/","logo":{"@type":"ImageObject","inLanguage":"fr-FR","@id":"https:\/\/ericbphotographie.com\/#\/schema\/logo\/image\/","url":"https:\/\/ericbphotographie.com\/wp-content\/uploads\/2018\/11\/Logo-EricB-nf.png","contentUrl":"https:\/\/ericbphotographie.com\/wp-content\/uploads\/2018\/11\/Logo-EricB-nf.png","width":243,"height":206,"caption":"Eric B Photographie"},"image":{"@id":"https:\/\/ericbphotographie.com\/#\/schema\/logo\/image\/"},"sameAs":["https:\/\/www.facebook.com\/ericbphotographie34\/","https:\/\/www.instagram.com\/ericb.photographie\/"]}]}},"_links":{"self":[{"href":"https:\/\/ericbphotographie.com\/index.php\/wp-json\/wp\/v2\/pages\/50515","targetHints":{"allow":["GET"]}}],"collection":[{"href":"https:\/\/ericbphotographie.com\/index.php\/wp-json\/wp\/v2\/pages"}],"about":[{"href":"https:\/\/ericbphotographie.com\/index.php\/wp-json\/wp\/v2\/types\/page"}],"author":[{"embeddable":true,"href":"https:\/\/ericbphotographie.com\/index.php\/wp-json\/wp\/v2\/users\/1"}],"replies":[{"embeddable":true,"href":"https:\/\/ericbphotographie.com\/index.php\/wp-json\/wp\/v2\/comments?post=50515"}],"version-history":[{"count":74,"href":"https:\/\/ericbphotographie.com\/index.php\/wp-json\/wp\/v2\/pages\/50515\/revisions"}],"predecessor-version":[{"id":52753,"href":"https:\/\/ericbphotographie.com\/index.php\/wp-json\/wp\/v2\/pages\/50515\/revisions\/52753"}],"wp:featuredmedia":[{"embeddable":true,"href":"https:\/\/ericbphotographie.com\/index.php\/wp-json\/wp\/v2\/media\/52303"}],"wp:attachment":[{"href":"https:\/\/ericbphotographie.com\/index.php\/wp-json\/wp\/v2\/media?parent=50515"}],"curies":[{"name":"wp","href":"https:\/\/api.w.org\/{rel}","templated":true}]}}