{"id":51050,"date":"2019-05-13T10:39:37","date_gmt":"2019-05-13T08:39:37","guid":{"rendered":"https:\/\/ericbphotographie.com\/?page_id=51050"},"modified":"2024-05-16T16:41:01","modified_gmt":"2024-05-16T14:41:01","slug":"infos","status":"publish","type":"page","link":"https:\/\/ericbphotographie.com\/index.php\/infos\/","title":{"rendered":"Infos"},"content":{"rendered":"\t\t<div data-elementor-type=\"wp-post\" data-elementor-id=\"51050\" class=\"elementor elementor-51050\" data-elementor-post-type=\"page\">\n\t\t\t\t\t\t<section class=\"elementor-section elementor-top-section elementor-element elementor-element-e19659b elementor-section-boxed elementor-section-height-default elementor-section-height-default\" data-id=\"e19659b\" data-element_type=\"section\" data-e-type=\"section\">\n\t\t\t\t\t\t<div class=\"elementor-container elementor-column-gap-default\">\n\t\t\t\t\t<div class=\"elementor-column elementor-col-100 elementor-top-column elementor-element elementor-element-3cb1733\" data-id=\"3cb1733\" data-element_type=\"column\" data-e-type=\"column\">\n\t\t\t<div class=\"elementor-widget-wrap elementor-element-populated\">\n\t\t\t\t\t\t<div class=\"elementor-element elementor-element-cf18ce5 elementor-widget elementor-widget-text-editor\" data-id=\"cf18ce5\" data-element_type=\"widget\" data-e-type=\"widget\" data-widget_type=\"text-editor.default\">\n\t\t\t\t<div class=\"elementor-widget-container\">\n\t\t\t\t\t\t\t\t\t<p><strong>Ma mani\u00e8re de travailler<\/strong><\/p>\t\t\t\t\t\t\t\t<\/div>\n\t\t\t\t<\/div>\n\t\t\t\t<div class=\"elementor-element elementor-element-9fa15c1 elementor-widget elementor-widget-text-editor\" data-id=\"9fa15c1\" data-element_type=\"widget\" data-e-type=\"widget\" data-widget_type=\"text-editor.default\">\n\t\t\t\t<div class=\"elementor-widget-container\">\n\t\t\t\t\t\t\t\t\t<p><strong>Dans le cas de photos de mariage :\u00a0<\/strong><\/p>\t\t\t\t\t\t\t\t<\/div>\n\t\t\t\t<\/div>\n\t\t\t\t<div class=\"elementor-element elementor-element-d3637c1 elementor-widget elementor-widget-text-editor\" data-id=\"d3637c1\" data-element_type=\"widget\" data-e-type=\"widget\" data-widget_type=\"text-editor.default\">\n\t\t\t\t<div class=\"elementor-widget-container\">\n\t\t\t\t\t\t\t\t\t<p style=\"text-align: justify;\"><strong>Comme le jour de votre mariage est unique<\/strong>, les photos de cette journ\u00e9e le sont tout autant. Une photo rat\u00e9e ou perdue l\u2019est pour toujours. C\u2019est pourquoi je m\u2019applique \u00e0 \u00eatre attentif \u00e0 toutes les \u00e9tapes de cette journ\u00e9e avec les photos que je prends.<\/p><p style=\"text-align: justify;\">Je pr\u00e9pare soigneusement cette journ\u00e9e en amont, tout d\u2019abord avec vous, o\u00f9 je vous demanderais le maximum d\u2019informations sur le d\u00e9roulement de la journ\u00e9e. Puis lorsque je pr\u00e9parerai mon mat\u00e9riel pour \u00e9viter tous probl\u00e8mes. Je fonctionne syst\u00e9matiquement avec deux bo\u00eetiers professionnels de marque Canon. Toutes les cartes sont \u00e9videmment des cartes professionnelles connues pour leur fiabilit\u00e9. Je change \u00e9galement de cartes m\u00e9moires au cours de la journ\u00e9e pour r\u00e9duire encore les risques.<\/p><p style=\"text-align: justify;\">Apr\u00e8s le mariage, les photos sont enregistr\u00e9es sur ordinateur et deux copies de sauvegardes sont faites (sur disque externe et en ligne), avant toute retouche. Le risque z\u00e9ro n\u2019existe pas, mais par ce processus je m\u2019assure que le risque de perte soit le plus faible possible.<\/p><p style=\"text-align: justify;\">L\u2019ensemble des photos que je vous rendrai seront retouch\u00e9es par mes soins. En retouchant moi-m\u00eame vos photos je suis certain d\u2019obtenir le rendu qui est le mien et pour lequel vous m\u2019avez choisi.<\/p>\t\t\t\t\t\t\t\t<\/div>\n\t\t\t\t<\/div>\n\t\t\t\t<div class=\"elementor-element elementor-element-0036894 elementor-widget elementor-widget-text-editor\" data-id=\"0036894\" data-element_type=\"widget\" data-e-type=\"widget\" data-widget_type=\"text-editor.default\">\n\t\t\t\t<div class=\"elementor-widget-container\">\n\t\t\t\t\t\t\t\t\t<p><strong>Dans le cas de photos de portrait :\u00a0<\/strong><\/p>\t\t\t\t\t\t\t\t<\/div>\n\t\t\t\t<\/div>\n\t\t\t\t<div class=\"elementor-element elementor-element-efb82ac elementor-widget elementor-widget-text-editor\" data-id=\"efb82ac\" data-element_type=\"widget\" data-e-type=\"widget\" data-widget_type=\"text-editor.default\">\n\t\t\t\t<div class=\"elementor-widget-container\">\n\t\t\t\t\t\t\t\t\t<p>Je sais que tout le monde n&rsquo;est pas forc\u00e9ment \u00e0 l&rsquo;aise devant l&rsquo;objectif d&rsquo;un appareil photo. Mon but sera alors que vous mettre dans les meilleures conditions pour que la s\u00e9ance se d\u00e9roule du mieux possible. Je saurais prendre le temps pour cela. Nous apprendrons \u00e0 nous connaitre, comme je le fais avec mes futurs mari\u00e9s. Vous me direz que vous attendez de cette s\u00e9ance photos. M\u00eame si les s\u00e9ances photos de portrait sont plus courtes que les prestations de photos de mariage, je mettrais la m\u00eame implication \u00e0 toutes les \u00e9tapes. Tout comme pour les photos de mariage, je met tout en \u0153uvre pour \u00e9viter la perte de photo entre la s\u00e9ance et la remise des photos. Avec l\u00e0 aussi une double sauvegarde des photos.<\/p>\t\t\t\t\t\t\t\t<\/div>\n\t\t\t\t<\/div>\n\t\t\t\t\t<\/div>\n\t\t<\/div>\n\t\t\t\t\t<\/div>\n\t\t<\/section>\n\t\t\t\t<\/div>\n\t\t","protected":false},"excerpt":{"rendered":"<p>Ma mani\u00e8re de travailler Dans le cas de photos de mariage :\u00a0 Comme le jour de votre mariage est unique, les photos de cette journ\u00e9e le sont tout autant. Une photo rat\u00e9e ou perdue l\u2019est pour toujours. C\u2019est pourquoi je m\u2019applique \u00e0 \u00eatre attentif \u00e0 toutes les \u00e9tapes de cette journ\u00e9e avec les photos que&hellip;<\/p>\n","protected":false},"author":1,"featured_media":0,"parent":0,"menu_order":0,"comment_status":"closed","ping_status":"closed","template":"elementor_header_footer","meta":{"_exactmetrics_skip_tracking":false,"_exactmetrics_sitenote_active":false,"_exactmetrics_sitenote_note":"","_exactmetrics_sitenote_category":0,"footnotes":""},"class_list":["post-51050","page","type-page","status-publish","hentry"],"yoast_head":"<!-- This site is optimized with the Yoast SEO plugin v27.5 - https:\/\/yoast.com\/product\/yoast-seo-wordpress\/ -->\n<title>Infos - Eric B Photographie : photographe de mariage et portrait<\/title>\n<meta name=\"description\" content=\"photographe de mariage et de portrait sur montpellier et sa r\u00e9gion.\" \/>\n<meta name=\"robots\" content=\"index, follow, max-snippet:-1, max-image-preview:large, max-video-preview:-1\" \/>\n<link rel=\"canonical\" href=\"https:\/\/ericbphotographie.com\/index.php\/infos\/\" \/>\n<meta property=\"og:locale\" content=\"fr_FR\" \/>\n<meta property=\"og:type\" content=\"article\" \/>\n<meta property=\"og:title\" content=\"Infos - Eric B Photographie : photographe de mariage et portrait\" \/>\n<meta property=\"og:description\" content=\"photographe de mariage et de portrait sur montpellier et sa r\u00e9gion.\" \/>\n<meta property=\"og:url\" content=\"https:\/\/ericbphotographie.com\/index.php\/infos\/\" \/>\n<meta property=\"og:site_name\" content=\"Eric B Photographie : photographe de mariage et portrait\" \/>\n<meta property=\"article:publisher\" content=\"https:\/\/www.facebook.com\/ericbphotographie34\/\" \/>\n<meta property=\"article:modified_time\" content=\"2024-05-16T14:41:01+00:00\" \/>\n<meta name=\"twitter:card\" content=\"summary_large_image\" \/>\n<meta name=\"twitter:label1\" content=\"Dur\u00e9e de lecture estim\u00e9e\" \/>\n\t<meta name=\"twitter:data1\" content=\"2 minutes\" \/>\n<script type=\"application\/ld+json\" class=\"yoast-schema-graph\">{\"@context\":\"https:\\\/\\\/schema.org\",\"@graph\":[{\"@type\":\"WebPage\",\"@id\":\"https:\\\/\\\/ericbphotographie.com\\\/index.php\\\/infos\\\/\",\"url\":\"https:\\\/\\\/ericbphotographie.com\\\/index.php\\\/infos\\\/\",\"name\":\"Infos - Eric B Photographie : photographe de mariage et portrait\",\"isPartOf\":{\"@id\":\"https:\\\/\\\/ericbphotographie.com\\\/#website\"},\"datePublished\":\"2019-05-13T08:39:37+00:00\",\"dateModified\":\"2024-05-16T14:41:01+00:00\",\"description\":\"photographe de mariage et de portrait sur montpellier et sa r\u00e9gion.\",\"breadcrumb\":{\"@id\":\"https:\\\/\\\/ericbphotographie.com\\\/index.php\\\/infos\\\/#breadcrumb\"},\"inLanguage\":\"fr-FR\",\"potentialAction\":[{\"@type\":\"ReadAction\",\"target\":[\"https:\\\/\\\/ericbphotographie.com\\\/index.php\\\/infos\\\/\"]}]},{\"@type\":\"BreadcrumbList\",\"@id\":\"https:\\\/\\\/ericbphotographie.com\\\/index.php\\\/infos\\\/#breadcrumb\",\"itemListElement\":[{\"@type\":\"ListItem\",\"position\":1,\"name\":\"Accueil\",\"item\":\"https:\\\/\\\/ericbphotographie.com\\\/\"},{\"@type\":\"ListItem\",\"position\":2,\"name\":\"Infos\"}]},{\"@type\":\"WebSite\",\"@id\":\"https:\\\/\\\/ericbphotographie.com\\\/#website\",\"url\":\"https:\\\/\\\/ericbphotographie.com\\\/\",\"name\":\"Eric B Photographie : photographe de mariage et portrait\",\"description\":\"Des photos pour de beaux souvenirs\",\"publisher\":{\"@id\":\"https:\\\/\\\/ericbphotographie.com\\\/#organization\"},\"potentialAction\":[{\"@type\":\"SearchAction\",\"target\":{\"@type\":\"EntryPoint\",\"urlTemplate\":\"https:\\\/\\\/ericbphotographie.com\\\/?s={search_term_string}\"},\"query-input\":{\"@type\":\"PropertyValueSpecification\",\"valueRequired\":true,\"valueName\":\"search_term_string\"}}],\"inLanguage\":\"fr-FR\"},{\"@type\":\"Organization\",\"@id\":\"https:\\\/\\\/ericbphotographie.com\\\/#organization\",\"name\":\"Eric B Photographie\",\"url\":\"https:\\\/\\\/ericbphotographie.com\\\/\",\"logo\":{\"@type\":\"ImageObject\",\"inLanguage\":\"fr-FR\",\"@id\":\"https:\\\/\\\/ericbphotographie.com\\\/#\\\/schema\\\/logo\\\/image\\\/\",\"url\":\"https:\\\/\\\/ericbphotographie.com\\\/wp-content\\\/uploads\\\/2018\\\/11\\\/Logo-EricB-nf.png\",\"contentUrl\":\"https:\\\/\\\/ericbphotographie.com\\\/wp-content\\\/uploads\\\/2018\\\/11\\\/Logo-EricB-nf.png\",\"width\":243,\"height\":206,\"caption\":\"Eric B Photographie\"},\"image\":{\"@id\":\"https:\\\/\\\/ericbphotographie.com\\\/#\\\/schema\\\/logo\\\/image\\\/\"},\"sameAs\":[\"https:\\\/\\\/www.facebook.com\\\/ericbphotographie34\\\/\",\"https:\\\/\\\/www.instagram.com\\\/ericb.photographie\\\/\"]}]}<\/script>\n<!-- \/ Yoast SEO plugin. -->","yoast_head_json":{"title":"Infos - Eric B Photographie : photographe de mariage et portrait","description":"photographe de mariage et de portrait sur montpellier et sa r\u00e9gion.","robots":{"index":"index","follow":"follow","max-snippet":"max-snippet:-1","max-image-preview":"max-image-preview:large","max-video-preview":"max-video-preview:-1"},"canonical":"https:\/\/ericbphotographie.com\/index.php\/infos\/","og_locale":"fr_FR","og_type":"article","og_title":"Infos - Eric B Photographie : photographe de mariage et portrait","og_description":"photographe de mariage et de portrait sur montpellier et sa r\u00e9gion.","og_url":"https:\/\/ericbphotographie.com\/index.php\/infos\/","og_site_name":"Eric B Photographie : photographe de mariage et portrait","article_publisher":"https:\/\/www.facebook.com\/ericbphotographie34\/","article_modified_time":"2024-05-16T14:41:01+00:00","twitter_card":"summary_large_image","twitter_misc":{"Dur\u00e9e de lecture estim\u00e9e":"2 minutes"},"schema":{"@context":"https:\/\/schema.org","@graph":[{"@type":"WebPage","@id":"https:\/\/ericbphotographie.com\/index.php\/infos\/","url":"https:\/\/ericbphotographie.com\/index.php\/infos\/","name":"Infos - Eric B Photographie : photographe de mariage et portrait","isPartOf":{"@id":"https:\/\/ericbphotographie.com\/#website"},"datePublished":"2019-05-13T08:39:37+00:00","dateModified":"2024-05-16T14:41:01+00:00","description":"photographe de mariage et de portrait sur montpellier et sa r\u00e9gion.","breadcrumb":{"@id":"https:\/\/ericbphotographie.com\/index.php\/infos\/#breadcrumb"},"inLanguage":"fr-FR","potentialAction":[{"@type":"ReadAction","target":["https:\/\/ericbphotographie.com\/index.php\/infos\/"]}]},{"@type":"BreadcrumbList","@id":"https:\/\/ericbphotographie.com\/index.php\/infos\/#breadcrumb","itemListElement":[{"@type":"ListItem","position":1,"name":"Accueil","item":"https:\/\/ericbphotographie.com\/"},{"@type":"ListItem","position":2,"name":"Infos"}]},{"@type":"WebSite","@id":"https:\/\/ericbphotographie.com\/#website","url":"https:\/\/ericbphotographie.com\/","name":"Eric B Photographie : photographe de mariage et portrait","description":"Des photos pour de beaux souvenirs","publisher":{"@id":"https:\/\/ericbphotographie.com\/#organization"},"potentialAction":[{"@type":"SearchAction","target":{"@type":"EntryPoint","urlTemplate":"https:\/\/ericbphotographie.com\/?s={search_term_string}"},"query-input":{"@type":"PropertyValueSpecification","valueRequired":true,"valueName":"search_term_string"}}],"inLanguage":"fr-FR"},{"@type":"Organization","@id":"https:\/\/ericbphotographie.com\/#organization","name":"Eric B Photographie","url":"https:\/\/ericbphotographie.com\/","logo":{"@type":"ImageObject","inLanguage":"fr-FR","@id":"https:\/\/ericbphotographie.com\/#\/schema\/logo\/image\/","url":"https:\/\/ericbphotographie.com\/wp-content\/uploads\/2018\/11\/Logo-EricB-nf.png","contentUrl":"https:\/\/ericbphotographie.com\/wp-content\/uploads\/2018\/11\/Logo-EricB-nf.png","width":243,"height":206,"caption":"Eric B Photographie"},"image":{"@id":"https:\/\/ericbphotographie.com\/#\/schema\/logo\/image\/"},"sameAs":["https:\/\/www.facebook.com\/ericbphotographie34\/","https:\/\/www.instagram.com\/ericb.photographie\/"]}]}},"_links":{"self":[{"href":"https:\/\/ericbphotographie.com\/index.php\/wp-json\/wp\/v2\/pages\/51050","targetHints":{"allow":["GET"]}}],"collection":[{"href":"https:\/\/ericbphotographie.com\/index.php\/wp-json\/wp\/v2\/pages"}],"about":[{"href":"https:\/\/ericbphotographie.com\/index.php\/wp-json\/wp\/v2\/types\/page"}],"author":[{"embeddable":true,"href":"https:\/\/ericbphotographie.com\/index.php\/wp-json\/wp\/v2\/users\/1"}],"replies":[{"embeddable":true,"href":"https:\/\/ericbphotographie.com\/index.php\/wp-json\/wp\/v2\/comments?post=51050"}],"version-history":[{"count":34,"href":"https:\/\/ericbphotographie.com\/index.php\/wp-json\/wp\/v2\/pages\/51050\/revisions"}],"predecessor-version":[{"id":52228,"href":"https:\/\/ericbphotographie.com\/index.php\/wp-json\/wp\/v2\/pages\/51050\/revisions\/52228"}],"wp:attachment":[{"href":"https:\/\/ericbphotographie.com\/index.php\/wp-json\/wp\/v2\/media?parent=51050"}],"curies":[{"name":"wp","href":"https:\/\/api.w.org\/{rel}","templated":true}]}}