{"id":51396,"date":"2020-08-17T19:10:15","date_gmt":"2020-08-17T17:10:15","guid":{"rendered":"https:\/\/ericbphotographie.com\/?page_id=51396"},"modified":"2026-02-21T19:15:59","modified_gmt":"2026-02-21T18:15:59","slug":"portraits-lifestyle-montpellier","status":"publish","type":"page","link":"https:\/\/ericbphotographie.com\/index.php\/portraits-lifestyle-montpellier\/","title":{"rendered":"Portraits \/ Lifestyle"},"content":{"rendered":"\t\t<div data-elementor-type=\"wp-page\" data-elementor-id=\"51396\" class=\"elementor elementor-51396\" data-elementor-post-type=\"page\">\n\t\t\t\t\t\t<section class=\"elementor-section elementor-top-section elementor-element elementor-element-9a6a39f elementor-section-boxed elementor-section-height-default elementor-section-height-default\" data-id=\"9a6a39f\" data-element_type=\"section\" data-e-type=\"section\">\n\t\t\t\t\t\t<div class=\"elementor-container elementor-column-gap-default\">\n\t\t\t\t\t<div class=\"elementor-column elementor-col-100 elementor-top-column elementor-element elementor-element-4ee8ca8\" data-id=\"4ee8ca8\" data-element_type=\"column\" data-e-type=\"column\">\n\t\t\t<div class=\"elementor-widget-wrap elementor-element-populated\">\n\t\t\t\t\t\t<div class=\"elementor-element elementor-element-4ac5a99 elementor-widget elementor-widget-heading\" data-id=\"4ac5a99\" data-element_type=\"widget\" data-e-type=\"widget\" data-widget_type=\"heading.default\">\n\t\t\t\t<div class=\"elementor-widget-container\">\n\t\t\t\t\t<h2 class=\"elementor-heading-title elementor-size-default\">Bienvenue sur ma page portraits \/ lifestyle<\/h2>\t\t\t\t<\/div>\n\t\t\t\t<\/div>\n\t\t\t\t<div class=\"elementor-element elementor-element-f3848c4 elementor-widget elementor-widget-text-editor\" data-id=\"f3848c4\" data-element_type=\"widget\" data-e-type=\"widget\" data-widget_type=\"text-editor.default\">\n\t\t\t\t<div class=\"elementor-widget-container\">\n\t\t\t\t\t\t\t\t\t<p>Je vous propose de faire des portraits de vous (hors photos d&rsquo;identit\u00e9), en individuel, entre amis ou en famille. Des s\u00e9ances pos\u00e9es ou lifestyle.<br \/>Voici un exemple de mon travail afin que vous vous fassiez une id\u00e9e.<br \/>Tout le monde n&rsquo;est pas forc\u00e9ment \u00e0 l&rsquo;aise devant l&rsquo;objectif comme peuvent l&rsquo;\u00eatre des mod\u00e8les professionnelles, mais je suis l\u00e0 pour vous guider et vous permettre de vous d\u00e9tendre. Je m&rsquo;adapterai \u00e0 vous et pas l&rsquo;inverse.<\/p>\t\t\t\t\t\t\t\t<\/div>\n\t\t\t\t<\/div>\n\t\t\t\t\t<\/div>\n\t\t<\/div>\n\t\t\t\t\t<\/div>\n\t\t<\/section>\n\t\t\t\t<section class=\"elementor-section elementor-top-section elementor-element elementor-element-b31c9a9 elementor-section-boxed elementor-section-height-default elementor-section-height-default\" data-id=\"b31c9a9\" data-element_type=\"section\" data-e-type=\"section\">\n\t\t\t\t\t\t<div class=\"elementor-container elementor-column-gap-default\">\n\t\t\t\t\t<div class=\"elementor-column elementor-col-100 elementor-top-column elementor-element elementor-element-89ad3cb\" data-id=\"89ad3cb\" data-element_type=\"column\" data-e-type=\"column\">\n\t\t\t<div class=\"elementor-widget-wrap elementor-element-populated\">\n\t\t\t\t\t\t<div class=\"elementor-element elementor-element-9c6e30a elementor-position-top elementor-widget elementor-widget-image-box\" data-id=\"9c6e30a\" data-element_type=\"widget\" data-e-type=\"widget\" data-widget_type=\"image-box.default\">\n\t\t\t\t<div class=\"elementor-widget-container\">\n\t\t\t\t\t<div class=\"elementor-image-box-wrapper\"><figure class=\"elementor-image-box-img\"><a href=\"https:\/\/ericbphotographie.com\/index.php\/portrait\/portrait-eva\/\" tabindex=\"-1\"><img fetchpriority=\"high\" decoding=\"async\" width=\"2500\" height=\"1667\" src=\"https:\/\/ericbphotographie.com\/wp-content\/uploads\/2025\/01\/Photographe-portrait-Eric-B-Photographie-modele-Eva4.webp\" class=\"elementor-animation-grow attachment-full size-full wp-image-52384\" alt=\"s\u00e9ance portrait avec une mod\u00e8le professionnelle\" srcset=\"https:\/\/ericbphotographie.com\/wp-content\/uploads\/2025\/01\/Photographe-portrait-Eric-B-Photographie-modele-Eva4.webp 2500w, https:\/\/ericbphotographie.com\/wp-content\/uploads\/2025\/01\/Photographe-portrait-Eric-B-Photographie-modele-Eva4-300x200.webp 300w, https:\/\/ericbphotographie.com\/wp-content\/uploads\/2025\/01\/Photographe-portrait-Eric-B-Photographie-modele-Eva4-1024x683.webp 1024w, https:\/\/ericbphotographie.com\/wp-content\/uploads\/2025\/01\/Photographe-portrait-Eric-B-Photographie-modele-Eva4-768x512.webp 768w, https:\/\/ericbphotographie.com\/wp-content\/uploads\/2025\/01\/Photographe-portrait-Eric-B-Photographie-modele-Eva4-1536x1024.webp 1536w, https:\/\/ericbphotographie.com\/wp-content\/uploads\/2025\/01\/Photographe-portrait-Eric-B-Photographie-modele-Eva4-2048x1366.webp 2048w, https:\/\/ericbphotographie.com\/wp-content\/uploads\/2025\/01\/Photographe-portrait-Eric-B-Photographie-modele-Eva4-600x400.webp 600w\" sizes=\"(max-width: 2500px) 100vw, 2500px\" \/><\/a><\/figure><div class=\"elementor-image-box-content\"><h3 class=\"elementor-image-box-title\"><a href=\"https:\/\/ericbphotographie.com\/index.php\/portrait\/portrait-eva\/\">Eva<\/a><\/h3><p class=\"elementor-image-box-description\">Mod\u00e8le professionnelle <\/p><\/div><\/div>\t\t\t\t<\/div>\n\t\t\t\t<\/div>\n\t\t\t\t<div class=\"elementor-element elementor-element-27769a7 elementor-position-top elementor-widget elementor-widget-image-box\" data-id=\"27769a7\" data-element_type=\"widget\" data-e-type=\"widget\" data-widget_type=\"image-box.default\">\n\t\t\t\t<div class=\"elementor-widget-container\">\n\t\t\t\t\t<div class=\"elementor-image-box-wrapper\"><figure class=\"elementor-image-box-img\"><a href=\"https:\/\/ericbphotographie.com\/index.php\/portraits-lifestyle-montpellier\/portrait-m\/\" tabindex=\"-1\"><img decoding=\"async\" width=\"2500\" height=\"1667\" src=\"https:\/\/ericbphotographie.com\/wp-content\/uploads\/2025\/01\/Photographe-portrait-Eric-B-Photographie-modele-M8.webp\" class=\"elementor-animation-grow attachment-full size-full wp-image-52395\" alt=\"s\u00e9ance portrait avec une mod\u00e8le professionnelle\" srcset=\"https:\/\/ericbphotographie.com\/wp-content\/uploads\/2025\/01\/Photographe-portrait-Eric-B-Photographie-modele-M8.webp 2500w, https:\/\/ericbphotographie.com\/wp-content\/uploads\/2025\/01\/Photographe-portrait-Eric-B-Photographie-modele-M8-300x200.webp 300w, https:\/\/ericbphotographie.com\/wp-content\/uploads\/2025\/01\/Photographe-portrait-Eric-B-Photographie-modele-M8-1024x683.webp 1024w, https:\/\/ericbphotographie.com\/wp-content\/uploads\/2025\/01\/Photographe-portrait-Eric-B-Photographie-modele-M8-768x512.webp 768w, https:\/\/ericbphotographie.com\/wp-content\/uploads\/2025\/01\/Photographe-portrait-Eric-B-Photographie-modele-M8-1536x1024.webp 1536w, https:\/\/ericbphotographie.com\/wp-content\/uploads\/2025\/01\/Photographe-portrait-Eric-B-Photographie-modele-M8-2048x1366.webp 2048w, https:\/\/ericbphotographie.com\/wp-content\/uploads\/2025\/01\/Photographe-portrait-Eric-B-Photographie-modele-M8-600x400.webp 600w\" sizes=\"(max-width: 2500px) 100vw, 2500px\" \/><\/a><\/figure><div class=\"elementor-image-box-content\"><h3 class=\"elementor-image-box-title\"><a href=\"https:\/\/ericbphotographie.com\/index.php\/portraits-lifestyle-montpellier\/portrait-m\/\">M.<\/a><\/h3><p class=\"elementor-image-box-description\">Mod\u00e8le professionnelle<\/p><\/div><\/div>\t\t\t\t<\/div>\n\t\t\t\t<\/div>\n\t\t\t\t<div class=\"elementor-element elementor-element-1529bc5 elementor-position-top elementor-widget elementor-widget-image-box\" data-id=\"1529bc5\" data-element_type=\"widget\" data-e-type=\"widget\" data-widget_type=\"image-box.default\">\n\t\t\t\t<div class=\"elementor-widget-container\">\n\t\t\t\t\t<div class=\"elementor-image-box-wrapper\"><figure class=\"elementor-image-box-img\"><a href=\"https:\/\/ericbphotographie.com\/index.php\/portraits-lifestyle-montpellier\/portrait-julia\/%20\" tabindex=\"-1\"><img decoding=\"async\" width=\"1600\" height=\"1067\" src=\"https:\/\/ericbphotographie.com\/wp-content\/uploads\/2025\/01\/Photographe-portrait-Eric-B-Photographie-Giulia4.webp\" class=\"elementor-animation-grow attachment-full size-full wp-image-52455\" alt=\"S\u00e9ance portrait Giulia\" srcset=\"https:\/\/ericbphotographie.com\/wp-content\/uploads\/2025\/01\/Photographe-portrait-Eric-B-Photographie-Giulia4.webp 1600w, https:\/\/ericbphotographie.com\/wp-content\/uploads\/2025\/01\/Photographe-portrait-Eric-B-Photographie-Giulia4-300x200.webp 300w, https:\/\/ericbphotographie.com\/wp-content\/uploads\/2025\/01\/Photographe-portrait-Eric-B-Photographie-Giulia4-1024x683.webp 1024w, https:\/\/ericbphotographie.com\/wp-content\/uploads\/2025\/01\/Photographe-portrait-Eric-B-Photographie-Giulia4-768x512.webp 768w, https:\/\/ericbphotographie.com\/wp-content\/uploads\/2025\/01\/Photographe-portrait-Eric-B-Photographie-Giulia4-1536x1024.webp 1536w, https:\/\/ericbphotographie.com\/wp-content\/uploads\/2025\/01\/Photographe-portrait-Eric-B-Photographie-Giulia4-600x400.webp 600w\" sizes=\"(max-width: 1600px) 100vw, 1600px\" \/><\/a><\/figure><div class=\"elementor-image-box-content\"><h3 class=\"elementor-image-box-title\"><a href=\"https:\/\/ericbphotographie.com\/index.php\/portraits-lifestyle-montpellier\/portrait-julia\/%20\">Giulia<\/a><\/h3><p class=\"elementor-image-box-description\">Mod\u00e8le professionnelle<\/p><\/div><\/div>\t\t\t\t<\/div>\n\t\t\t\t<\/div>\n\t\t\t\t<div class=\"elementor-element elementor-element-581c34d elementor-position-top elementor-widget elementor-widget-image-box\" data-id=\"581c34d\" data-element_type=\"widget\" data-e-type=\"widget\" data-widget_type=\"image-box.default\">\n\t\t\t\t<div class=\"elementor-widget-container\">\n\t\t\t\t\t<div class=\"elementor-image-box-wrapper\"><figure class=\"elementor-image-box-img\"><a href=\"https:\/\/ericbphotographie.com\/index.php\/portrait\/seance-famille-michael-valentine\/\" tabindex=\"-1\"><img loading=\"lazy\" decoding=\"async\" width=\"1600\" height=\"1600\" src=\"https:\/\/ericbphotographie.com\/wp-content\/uploads\/2025\/01\/Photographe-lifestyle-Eric-B-Photographie-Michael1.webp\" class=\"elementor-animation-grow attachment-full size-full wp-image-52484\" alt=\"S\u00e9ance Lifestyle\" srcset=\"https:\/\/ericbphotographie.com\/wp-content\/uploads\/2025\/01\/Photographe-lifestyle-Eric-B-Photographie-Michael1.webp 1600w, https:\/\/ericbphotographie.com\/wp-content\/uploads\/2025\/01\/Photographe-lifestyle-Eric-B-Photographie-Michael1-300x300.webp 300w, https:\/\/ericbphotographie.com\/wp-content\/uploads\/2025\/01\/Photographe-lifestyle-Eric-B-Photographie-Michael1-1024x1024.webp 1024w, https:\/\/ericbphotographie.com\/wp-content\/uploads\/2025\/01\/Photographe-lifestyle-Eric-B-Photographie-Michael1-150x150.webp 150w, https:\/\/ericbphotographie.com\/wp-content\/uploads\/2025\/01\/Photographe-lifestyle-Eric-B-Photographie-Michael1-768x768.webp 768w, https:\/\/ericbphotographie.com\/wp-content\/uploads\/2025\/01\/Photographe-lifestyle-Eric-B-Photographie-Michael1-1536x1536.webp 1536w, https:\/\/ericbphotographie.com\/wp-content\/uploads\/2025\/01\/Photographe-lifestyle-Eric-B-Photographie-Michael1-600x600.webp 600w, https:\/\/ericbphotographie.com\/wp-content\/uploads\/2025\/01\/Photographe-lifestyle-Eric-B-Photographie-Michael1-200x200.webp 200w\" sizes=\"(max-width: 1600px) 100vw, 1600px\" \/><\/a><\/figure><div class=\"elementor-image-box-content\"><h3 class=\"elementor-image-box-title\"><a href=\"https:\/\/ericbphotographie.com\/index.php\/portrait\/seance-famille-michael-valentine\/\">Michael&amp;Valentine<\/a><\/h3><p class=\"elementor-image-box-description\">S\u00e9ance lifestyle en ext\u00e9rieur avec Michael &amp; Valentine accompagn\u00e9 de leur fils <\/p><\/div><\/div>\t\t\t\t<\/div>\n\t\t\t\t<\/div>\n\t\t\t\t\t<\/div>\n\t\t<\/div>\n\t\t\t\t\t<\/div>\n\t\t<\/section>\n\t\t\t\t<\/div>\n\t\t","protected":false},"excerpt":{"rendered":"<p>Bienvenue sur ma page portraits \/ lifestyle Je vous propose de faire des portraits de vous (hors photos d&rsquo;identit\u00e9), en individuel, entre amis ou en famille. Des s\u00e9ances pos\u00e9es ou lifestyle.Voici un exemple de mon travail afin que vous vous fassiez une id\u00e9e.Tout le monde n&rsquo;est pas forc\u00e9ment \u00e0 l&rsquo;aise devant l&rsquo;objectif comme peuvent l&rsquo;\u00eatre&hellip;<\/p>\n","protected":false},"author":1,"featured_media":52455,"parent":0,"menu_order":0,"comment_status":"closed","ping_status":"closed","template":"elementor_header_footer","meta":{"_exactmetrics_skip_tracking":false,"_exactmetrics_sitenote_active":false,"_exactmetrics_sitenote_note":"","_exactmetrics_sitenote_category":0,"footnotes":""},"class_list":["post-51396","page","type-page","status-publish","has-post-thumbnail","hentry"],"yoast_head":"<!-- This site is optimized with the Yoast SEO plugin v27.4 - https:\/\/yoast.com\/product\/yoast-seo-wordpress\/ -->\n<title>Portraits \/ Lifestyle - Eric B Photographie : photographe de mariage et portrait<\/title>\n<meta name=\"description\" content=\"Page portraits du site internet Eric B Photographie. Portraits pos\u00e9s et lifestyle dans une ambiance d\u00e9contract\u00e9e.\" \/>\n<meta name=\"robots\" content=\"index, follow, max-snippet:-1, max-image-preview:large, max-video-preview:-1\" \/>\n<link rel=\"canonical\" href=\"https:\/\/ericbphotographie.com\/index.php\/portraits-lifestyle-montpellier\/\" \/>\n<meta property=\"og:locale\" content=\"fr_FR\" \/>\n<meta property=\"og:type\" content=\"article\" \/>\n<meta property=\"og:title\" content=\"Portraits \/ Lifestyle - Eric B Photographie : photographe de mariage et portrait\" \/>\n<meta property=\"og:description\" content=\"Page portraits du site internet Eric B Photographie. Portraits pos\u00e9s et lifestyle dans une ambiance d\u00e9contract\u00e9e.\" \/>\n<meta property=\"og:url\" content=\"https:\/\/ericbphotographie.com\/index.php\/portraits-lifestyle-montpellier\/\" \/>\n<meta property=\"og:site_name\" content=\"Eric B Photographie : photographe de mariage et portrait\" \/>\n<meta property=\"article:publisher\" content=\"https:\/\/www.facebook.com\/ericbphotographie34\/\" \/>\n<meta property=\"article:modified_time\" content=\"2026-02-21T18:15:59+00:00\" \/>\n<meta property=\"og:image\" content=\"https:\/\/ericbphotographie.com\/wp-content\/uploads\/2025\/01\/Photographe-portrait-Eric-B-Photographie-Giulia4.webp\" \/>\n\t<meta property=\"og:image:width\" content=\"1600\" \/>\n\t<meta property=\"og:image:height\" content=\"1067\" \/>\n\t<meta property=\"og:image:type\" content=\"image\/webp\" \/>\n<meta name=\"twitter:card\" content=\"summary_large_image\" \/>\n<meta name=\"twitter:label1\" content=\"Dur\u00e9e de lecture estim\u00e9e\" \/>\n\t<meta name=\"twitter:data1\" content=\"2 minutes\" \/>\n<script type=\"application\/ld+json\" class=\"yoast-schema-graph\">{\"@context\":\"https:\\\/\\\/schema.org\",\"@graph\":[{\"@type\":\"WebPage\",\"@id\":\"https:\\\/\\\/ericbphotographie.com\\\/index.php\\\/portraits-lifestyle-montpellier\\\/\",\"url\":\"https:\\\/\\\/ericbphotographie.com\\\/index.php\\\/portraits-lifestyle-montpellier\\\/\",\"name\":\"Portraits \\\/ Lifestyle - Eric B Photographie : photographe de mariage et portrait\",\"isPartOf\":{\"@id\":\"https:\\\/\\\/ericbphotographie.com\\\/#website\"},\"primaryImageOfPage\":{\"@id\":\"https:\\\/\\\/ericbphotographie.com\\\/index.php\\\/portraits-lifestyle-montpellier\\\/#primaryimage\"},\"image\":{\"@id\":\"https:\\\/\\\/ericbphotographie.com\\\/index.php\\\/portraits-lifestyle-montpellier\\\/#primaryimage\"},\"thumbnailUrl\":\"https:\\\/\\\/ericbphotographie.com\\\/wp-content\\\/uploads\\\/2025\\\/01\\\/Photographe-portrait-Eric-B-Photographie-Giulia4.webp\",\"datePublished\":\"2020-08-17T17:10:15+00:00\",\"dateModified\":\"2026-02-21T18:15:59+00:00\",\"description\":\"Page portraits du site internet Eric B Photographie. Portraits pos\u00e9s et lifestyle dans une ambiance d\u00e9contract\u00e9e.\",\"breadcrumb\":{\"@id\":\"https:\\\/\\\/ericbphotographie.com\\\/index.php\\\/portraits-lifestyle-montpellier\\\/#breadcrumb\"},\"inLanguage\":\"fr-FR\",\"potentialAction\":[{\"@type\":\"ReadAction\",\"target\":[\"https:\\\/\\\/ericbphotographie.com\\\/index.php\\\/portraits-lifestyle-montpellier\\\/\"]}]},{\"@type\":\"ImageObject\",\"inLanguage\":\"fr-FR\",\"@id\":\"https:\\\/\\\/ericbphotographie.com\\\/index.php\\\/portraits-lifestyle-montpellier\\\/#primaryimage\",\"url\":\"https:\\\/\\\/ericbphotographie.com\\\/wp-content\\\/uploads\\\/2025\\\/01\\\/Photographe-portrait-Eric-B-Photographie-Giulia4.webp\",\"contentUrl\":\"https:\\\/\\\/ericbphotographie.com\\\/wp-content\\\/uploads\\\/2025\\\/01\\\/Photographe-portrait-Eric-B-Photographie-Giulia4.webp\",\"width\":1600,\"height\":1067,\"caption\":\"S\u00e9ance portrait Giulia\"},{\"@type\":\"BreadcrumbList\",\"@id\":\"https:\\\/\\\/ericbphotographie.com\\\/index.php\\\/portraits-lifestyle-montpellier\\\/#breadcrumb\",\"itemListElement\":[{\"@type\":\"ListItem\",\"position\":1,\"name\":\"Accueil\",\"item\":\"https:\\\/\\\/ericbphotographie.com\\\/\"},{\"@type\":\"ListItem\",\"position\":2,\"name\":\"Portraits \\\/ Lifestyle\"}]},{\"@type\":\"WebSite\",\"@id\":\"https:\\\/\\\/ericbphotographie.com\\\/#website\",\"url\":\"https:\\\/\\\/ericbphotographie.com\\\/\",\"name\":\"Eric B Photographie : photographe de mariage et portrait\",\"description\":\"Des photos pour de beaux souvenirs\",\"publisher\":{\"@id\":\"https:\\\/\\\/ericbphotographie.com\\\/#organization\"},\"potentialAction\":[{\"@type\":\"SearchAction\",\"target\":{\"@type\":\"EntryPoint\",\"urlTemplate\":\"https:\\\/\\\/ericbphotographie.com\\\/?s={search_term_string}\"},\"query-input\":{\"@type\":\"PropertyValueSpecification\",\"valueRequired\":true,\"valueName\":\"search_term_string\"}}],\"inLanguage\":\"fr-FR\"},{\"@type\":\"Organization\",\"@id\":\"https:\\\/\\\/ericbphotographie.com\\\/#organization\",\"name\":\"Eric B Photographie\",\"url\":\"https:\\\/\\\/ericbphotographie.com\\\/\",\"logo\":{\"@type\":\"ImageObject\",\"inLanguage\":\"fr-FR\",\"@id\":\"https:\\\/\\\/ericbphotographie.com\\\/#\\\/schema\\\/logo\\\/image\\\/\",\"url\":\"https:\\\/\\\/ericbphotographie.com\\\/wp-content\\\/uploads\\\/2018\\\/11\\\/Logo-EricB-nf.png\",\"contentUrl\":\"https:\\\/\\\/ericbphotographie.com\\\/wp-content\\\/uploads\\\/2018\\\/11\\\/Logo-EricB-nf.png\",\"width\":243,\"height\":206,\"caption\":\"Eric B Photographie\"},\"image\":{\"@id\":\"https:\\\/\\\/ericbphotographie.com\\\/#\\\/schema\\\/logo\\\/image\\\/\"},\"sameAs\":[\"https:\\\/\\\/www.facebook.com\\\/ericbphotographie34\\\/\",\"https:\\\/\\\/www.instagram.com\\\/ericb.photographie\\\/\"]}]}<\/script>\n<!-- \/ Yoast SEO plugin. -->","yoast_head_json":{"title":"Portraits \/ Lifestyle - Eric B Photographie : photographe de mariage et portrait","description":"Page portraits du site internet Eric B Photographie. Portraits pos\u00e9s et lifestyle dans une ambiance d\u00e9contract\u00e9e.","robots":{"index":"index","follow":"follow","max-snippet":"max-snippet:-1","max-image-preview":"max-image-preview:large","max-video-preview":"max-video-preview:-1"},"canonical":"https:\/\/ericbphotographie.com\/index.php\/portraits-lifestyle-montpellier\/","og_locale":"fr_FR","og_type":"article","og_title":"Portraits \/ Lifestyle - Eric B Photographie : photographe de mariage et portrait","og_description":"Page portraits du site internet Eric B Photographie. Portraits pos\u00e9s et lifestyle dans une ambiance d\u00e9contract\u00e9e.","og_url":"https:\/\/ericbphotographie.com\/index.php\/portraits-lifestyle-montpellier\/","og_site_name":"Eric B Photographie : photographe de mariage et portrait","article_publisher":"https:\/\/www.facebook.com\/ericbphotographie34\/","article_modified_time":"2026-02-21T18:15:59+00:00","og_image":[{"width":1600,"height":1067,"url":"https:\/\/ericbphotographie.com\/wp-content\/uploads\/2025\/01\/Photographe-portrait-Eric-B-Photographie-Giulia4.webp","type":"image\/webp"}],"twitter_card":"summary_large_image","twitter_misc":{"Dur\u00e9e de lecture estim\u00e9e":"2 minutes"},"schema":{"@context":"https:\/\/schema.org","@graph":[{"@type":"WebPage","@id":"https:\/\/ericbphotographie.com\/index.php\/portraits-lifestyle-montpellier\/","url":"https:\/\/ericbphotographie.com\/index.php\/portraits-lifestyle-montpellier\/","name":"Portraits \/ Lifestyle - Eric B Photographie : photographe de mariage et portrait","isPartOf":{"@id":"https:\/\/ericbphotographie.com\/#website"},"primaryImageOfPage":{"@id":"https:\/\/ericbphotographie.com\/index.php\/portraits-lifestyle-montpellier\/#primaryimage"},"image":{"@id":"https:\/\/ericbphotographie.com\/index.php\/portraits-lifestyle-montpellier\/#primaryimage"},"thumbnailUrl":"https:\/\/ericbphotographie.com\/wp-content\/uploads\/2025\/01\/Photographe-portrait-Eric-B-Photographie-Giulia4.webp","datePublished":"2020-08-17T17:10:15+00:00","dateModified":"2026-02-21T18:15:59+00:00","description":"Page portraits du site internet Eric B Photographie. Portraits pos\u00e9s et lifestyle dans une ambiance d\u00e9contract\u00e9e.","breadcrumb":{"@id":"https:\/\/ericbphotographie.com\/index.php\/portraits-lifestyle-montpellier\/#breadcrumb"},"inLanguage":"fr-FR","potentialAction":[{"@type":"ReadAction","target":["https:\/\/ericbphotographie.com\/index.php\/portraits-lifestyle-montpellier\/"]}]},{"@type":"ImageObject","inLanguage":"fr-FR","@id":"https:\/\/ericbphotographie.com\/index.php\/portraits-lifestyle-montpellier\/#primaryimage","url":"https:\/\/ericbphotographie.com\/wp-content\/uploads\/2025\/01\/Photographe-portrait-Eric-B-Photographie-Giulia4.webp","contentUrl":"https:\/\/ericbphotographie.com\/wp-content\/uploads\/2025\/01\/Photographe-portrait-Eric-B-Photographie-Giulia4.webp","width":1600,"height":1067,"caption":"S\u00e9ance portrait Giulia"},{"@type":"BreadcrumbList","@id":"https:\/\/ericbphotographie.com\/index.php\/portraits-lifestyle-montpellier\/#breadcrumb","itemListElement":[{"@type":"ListItem","position":1,"name":"Accueil","item":"https:\/\/ericbphotographie.com\/"},{"@type":"ListItem","position":2,"name":"Portraits \/ Lifestyle"}]},{"@type":"WebSite","@id":"https:\/\/ericbphotographie.com\/#website","url":"https:\/\/ericbphotographie.com\/","name":"Eric B Photographie : photographe de mariage et portrait","description":"Des photos pour de beaux souvenirs","publisher":{"@id":"https:\/\/ericbphotographie.com\/#organization"},"potentialAction":[{"@type":"SearchAction","target":{"@type":"EntryPoint","urlTemplate":"https:\/\/ericbphotographie.com\/?s={search_term_string}"},"query-input":{"@type":"PropertyValueSpecification","valueRequired":true,"valueName":"search_term_string"}}],"inLanguage":"fr-FR"},{"@type":"Organization","@id":"https:\/\/ericbphotographie.com\/#organization","name":"Eric B Photographie","url":"https:\/\/ericbphotographie.com\/","logo":{"@type":"ImageObject","inLanguage":"fr-FR","@id":"https:\/\/ericbphotographie.com\/#\/schema\/logo\/image\/","url":"https:\/\/ericbphotographie.com\/wp-content\/uploads\/2018\/11\/Logo-EricB-nf.png","contentUrl":"https:\/\/ericbphotographie.com\/wp-content\/uploads\/2018\/11\/Logo-EricB-nf.png","width":243,"height":206,"caption":"Eric B Photographie"},"image":{"@id":"https:\/\/ericbphotographie.com\/#\/schema\/logo\/image\/"},"sameAs":["https:\/\/www.facebook.com\/ericbphotographie34\/","https:\/\/www.instagram.com\/ericb.photographie\/"]}]}},"_links":{"self":[{"href":"https:\/\/ericbphotographie.com\/index.php\/wp-json\/wp\/v2\/pages\/51396","targetHints":{"allow":["GET"]}}],"collection":[{"href":"https:\/\/ericbphotographie.com\/index.php\/wp-json\/wp\/v2\/pages"}],"about":[{"href":"https:\/\/ericbphotographie.com\/index.php\/wp-json\/wp\/v2\/types\/page"}],"author":[{"embeddable":true,"href":"https:\/\/ericbphotographie.com\/index.php\/wp-json\/wp\/v2\/users\/1"}],"replies":[{"embeddable":true,"href":"https:\/\/ericbphotographie.com\/index.php\/wp-json\/wp\/v2\/comments?post=51396"}],"version-history":[{"count":106,"href":"https:\/\/ericbphotographie.com\/index.php\/wp-json\/wp\/v2\/pages\/51396\/revisions"}],"predecessor-version":[{"id":52769,"href":"https:\/\/ericbphotographie.com\/index.php\/wp-json\/wp\/v2\/pages\/51396\/revisions\/52769"}],"wp:featuredmedia":[{"embeddable":true,"href":"https:\/\/ericbphotographie.com\/index.php\/wp-json\/wp\/v2\/media\/52455"}],"wp:attachment":[{"href":"https:\/\/ericbphotographie.com\/index.php\/wp-json\/wp\/v2\/media?parent=51396"}],"curies":[{"name":"wp","href":"https:\/\/api.w.org\/{rel}","templated":true}]}}