{"id":52041,"date":"2023-03-19T11:43:14","date_gmt":"2023-03-19T10:43:14","guid":{"rendered":"https:\/\/ericbphotographie.com\/?page_id=52041"},"modified":"2025-01-15T09:16:20","modified_gmt":"2025-01-15T08:16:20","slug":"faq","status":"publish","type":"page","link":"https:\/\/ericbphotographie.com\/index.php\/faq\/","title":{"rendered":"FAQ"},"content":{"rendered":"\t\t<div data-elementor-type=\"wp-page\" data-elementor-id=\"52041\" class=\"elementor elementor-52041\" data-elementor-post-type=\"page\">\n\t\t\t\t\t\t<section class=\"elementor-section elementor-top-section elementor-element elementor-element-090fc34 elementor-section-boxed elementor-section-height-default elementor-section-height-default\" data-id=\"090fc34\" data-element_type=\"section\" data-e-type=\"section\">\n\t\t\t\t\t\t<div class=\"elementor-container elementor-column-gap-default\">\n\t\t\t\t\t<div class=\"elementor-column elementor-col-100 elementor-top-column elementor-element elementor-element-4af2a9f\" data-id=\"4af2a9f\" data-element_type=\"column\" data-e-type=\"column\">\n\t\t\t<div class=\"elementor-widget-wrap elementor-element-populated\">\n\t\t\t\t\t\t<div class=\"elementor-element elementor-element-81321a5 elementor-widget elementor-widget-heading\" data-id=\"81321a5\" data-element_type=\"widget\" data-e-type=\"widget\" data-widget_type=\"heading.default\">\n\t\t\t\t<div class=\"elementor-widget-container\">\n\t\t\t\t\t<h2 class=\"elementor-heading-title elementor-size-default\">Foire aux questions<\/h2>\t\t\t\t<\/div>\n\t\t\t\t<\/div>\n\t\t\t\t\t<\/div>\n\t\t<\/div>\n\t\t\t\t\t<\/div>\n\t\t<\/section>\n\t\t\t\t<section class=\"elementor-section elementor-top-section elementor-element elementor-element-7ccee93 elementor-section-boxed elementor-section-height-default elementor-section-height-default\" data-id=\"7ccee93\" data-element_type=\"section\" data-e-type=\"section\">\n\t\t\t\t\t\t<div class=\"elementor-container elementor-column-gap-default\">\n\t\t\t\t\t<div class=\"elementor-column elementor-col-100 elementor-top-column elementor-element elementor-element-b140991\" data-id=\"b140991\" data-element_type=\"column\" data-e-type=\"column\">\n\t\t\t<div class=\"elementor-widget-wrap elementor-element-populated\">\n\t\t\t\t\t\t<div class=\"elementor-element elementor-element-a0d9cc5 elementor-widget elementor-widget-text-editor\" data-id=\"a0d9cc5\" data-element_type=\"widget\" data-e-type=\"widget\" data-widget_type=\"text-editor.default\">\n\t\t\t\t<div class=\"elementor-widget-container\">\n\t\t\t\t\t\t\t\t\t<p style=\"margin: 0cm; text-align: justify;\"><strong>Comment puis-je r\u00e9server une s\u00e9ance photo avec vous ?<\/strong><\/p><p style=\"margin: 0cm; text-align: justify;\">Vous pouvez me contacter via le formulaire de contact sur mon site internet ou par e-mail pour discuter de vos besoins et de la disponibilit\u00e9 de mes services.<\/p><p>\u00a0<\/p><p style=\"margin: 0cm; text-align: justify;\"><strong>Quel est votre style de photographie ?<\/strong><\/p><p style=\"margin: 0cm; text-align: justify;\">Je suis sp\u00e9cialis\u00e9 dans un style de photographie naturelle et spontan\u00e9e, qui met en valeur l&rsquo;\u00e9motion et la beaut\u00e9 de chaque instant.<\/p><p>\u00a0<\/p><p style=\"margin: 0cm; text-align: justify;\"><strong>Combien de temps \u00e0 l&rsquo;avance dois-je r\u00e9server ma s\u00e9ance photo de mariage ou de portrait ?<\/strong><\/p><p style=\"margin: 0cm; text-align: justify;\">Je vous recommande de r\u00e9server le plus t\u00f4t possible pour vous assurer de ma disponibilit\u00e9, surtout pendant les p\u00e9riodes de forte demande comme les mois d&rsquo;\u00e9t\u00e9. Pour les mariages, id\u00e9alement entre 6 \u00e0 12 mois \u00e0 l&rsquo;avance.<\/p><p>\u00a0<\/p><p style=\"margin: 0cm; text-align: justify;\"><strong>Fournissez-vous des impressions de vos photos ?<\/strong><\/p><p style=\"margin: 0cm; text-align: justify;\">Oui, je propose des impressions de haute qualit\u00e9 sur une vari\u00e9t\u00e9 de supports, y compris des tirages encadr\u00e9s, des albums et des toiles.<\/p><p>\u00a0<\/p><p style=\"margin: 0cm; text-align: justify;\"><strong>Combien de temps faut-il pour recevoir les photos apr\u00e8s la s\u00e9ance ?<\/strong><\/p><p style=\"margin: 0cm; text-align: justify;\">Le d\u00e9lai de traitement peut varier en fonction de la taille de la s\u00e9ance et du nombre de photos \u00e0 traiter (portrait ou mariage), mais vous pouvez vous attendre \u00e0 recevoir vos photos dans un d\u00e9lai d&rsquo;environ 4 \u00e0 6 semaines (pour les photos de mariages).<\/p><p>\u00a0<\/p><p style=\"margin: 0cm; text-align: justify;\"><strong>Proposez-vous des s\u00e9ances d&rsquo;engagement pour les mariages ?<\/strong><\/p><p style=\"margin: 0cm; text-align: justify;\">Oui, je propose des s\u00e9ances d&rsquo;engagement pour les couples qui souhaitent avoir des photos avant leur mariage. C&rsquo;est \u00e9galement une excellente occasion de se familiariser avec moi et ma fa\u00e7on de travailler avant le grand jour.<\/p><p>\u00a0<\/p><p style=\"margin: 0cm; text-align: justify;\"><strong>Pouvons-nous discuter des id\u00e9es de poses et d&#8217;emplacement pour notre s\u00e9ance photo ?<\/strong><\/p><p style=\"margin: 0cm; text-align: justify;\">Absolument, je suis toujours heureux de discuter de vos id\u00e9es et que l&rsquo;on travaille ensemble pour cr\u00e9er des photos qui refl\u00e8tent votre personnalit\u00e9 et votre style.<\/p><p>\u00a0<\/p><p style=\"margin: 0cm; text-align: justify;\"><strong>Quels types de paiements acceptez-vous ?<\/strong><\/p><p style=\"margin: 0cm; text-align: justify;\">Je suis en mesure d&rsquo;accepter les paiements par virement bancaire ou ch\u00e8que.<\/p><p style=\"margin: 0cm; text-align: justify;\"><strong>Un acompte doit-il \u00eatre vers\u00e9\u00a0?<\/strong><\/p><p style=\"margin: 0cm; text-align: justify;\">Un acompte doit \u00eatre pay\u00e9 \u00e0 la r\u00e9servation afin de la bloquer.<\/p><p>\u00a0<\/p><p style=\"margin: 0cm; text-align: justify;\"><strong>Avez-vous des forfaits ou des tarifs personnalis\u00e9s ?<\/strong><\/p><p style=\"margin: 0cm; text-align: justify;\">Oui, j&rsquo;ai des forfaits de base pour les mariages et les s\u00e9ances photo de portrait, mais je peux \u00e9galement cr\u00e9er un tarif personnalis\u00e9 pour r\u00e9pondre \u00e0 vos besoins sp\u00e9cifiques. N&rsquo;h\u00e9sitez pas \u00e0 me contacter pour plus d&rsquo;informations.<\/p>\t\t\t\t\t\t\t\t<\/div>\n\t\t\t\t<\/div>\n\t\t\t\t\t<\/div>\n\t\t<\/div>\n\t\t\t\t\t<\/div>\n\t\t<\/section>\n\t\t\t\t<\/div>\n\t\t","protected":false},"excerpt":{"rendered":"<p>Foire aux questions Comment puis-je r\u00e9server une s\u00e9ance photo avec vous ? Vous pouvez me contacter via le formulaire de contact sur mon site internet ou par e-mail pour discuter de vos besoins et de la disponibilit\u00e9 de mes services. \u00a0 Quel est votre style de photographie ? Je suis sp\u00e9cialis\u00e9 dans un style de&hellip;<\/p>\n","protected":false},"author":1,"featured_media":0,"parent":0,"menu_order":0,"comment_status":"closed","ping_status":"closed","template":"","meta":{"_exactmetrics_skip_tracking":false,"_exactmetrics_sitenote_active":false,"_exactmetrics_sitenote_note":"","_exactmetrics_sitenote_category":0,"footnotes":""},"class_list":["post-52041","page","type-page","status-publish","hentry"],"yoast_head":"<!-- This site is optimized with the Yoast SEO plugin v27.5 - https:\/\/yoast.com\/product\/yoast-seo-wordpress\/ -->\n<title>FAQ - Eric B Photographie : photographe de mariage et portrait<\/title>\n<meta name=\"description\" content=\"R\u00e9ponses \u00e0 une partie des questions que vous pouvez vous posez avant votre s\u00e9ance photos.\" \/>\n<meta name=\"robots\" content=\"index, follow, max-snippet:-1, max-image-preview:large, max-video-preview:-1\" \/>\n<link rel=\"canonical\" href=\"https:\/\/ericbphotographie.com\/index.php\/faq\/\" \/>\n<meta property=\"og:locale\" content=\"fr_FR\" \/>\n<meta property=\"og:type\" content=\"article\" \/>\n<meta property=\"og:title\" content=\"FAQ - Eric B Photographie : photographe de mariage et portrait\" \/>\n<meta property=\"og:description\" content=\"R\u00e9ponses \u00e0 une partie des questions que vous pouvez vous posez avant votre s\u00e9ance photos.\" \/>\n<meta property=\"og:url\" content=\"https:\/\/ericbphotographie.com\/index.php\/faq\/\" \/>\n<meta property=\"og:site_name\" content=\"Eric B Photographie : photographe de mariage et portrait\" \/>\n<meta property=\"article:publisher\" content=\"https:\/\/www.facebook.com\/ericbphotographie34\/\" \/>\n<meta property=\"article:modified_time\" content=\"2025-01-15T08:16:20+00:00\" \/>\n<meta name=\"twitter:card\" content=\"summary_large_image\" \/>\n<meta name=\"twitter:label1\" content=\"Dur\u00e9e de lecture estim\u00e9e\" \/>\n\t<meta name=\"twitter:data1\" content=\"2 minutes\" \/>\n<script type=\"application\/ld+json\" class=\"yoast-schema-graph\">{\"@context\":\"https:\\\/\\\/schema.org\",\"@graph\":[{\"@type\":\"WebPage\",\"@id\":\"https:\\\/\\\/ericbphotographie.com\\\/index.php\\\/faq\\\/\",\"url\":\"https:\\\/\\\/ericbphotographie.com\\\/index.php\\\/faq\\\/\",\"name\":\"FAQ - Eric B Photographie : photographe de mariage et portrait\",\"isPartOf\":{\"@id\":\"https:\\\/\\\/ericbphotographie.com\\\/#website\"},\"datePublished\":\"2023-03-19T10:43:14+00:00\",\"dateModified\":\"2025-01-15T08:16:20+00:00\",\"description\":\"R\u00e9ponses \u00e0 une partie des questions que vous pouvez vous posez avant votre s\u00e9ance photos.\",\"breadcrumb\":{\"@id\":\"https:\\\/\\\/ericbphotographie.com\\\/index.php\\\/faq\\\/#breadcrumb\"},\"inLanguage\":\"fr-FR\",\"potentialAction\":[{\"@type\":\"ReadAction\",\"target\":[\"https:\\\/\\\/ericbphotographie.com\\\/index.php\\\/faq\\\/\"]}]},{\"@type\":\"BreadcrumbList\",\"@id\":\"https:\\\/\\\/ericbphotographie.com\\\/index.php\\\/faq\\\/#breadcrumb\",\"itemListElement\":[{\"@type\":\"ListItem\",\"position\":1,\"name\":\"Accueil\",\"item\":\"https:\\\/\\\/ericbphotographie.com\\\/\"},{\"@type\":\"ListItem\",\"position\":2,\"name\":\"FAQ\"}]},{\"@type\":\"WebSite\",\"@id\":\"https:\\\/\\\/ericbphotographie.com\\\/#website\",\"url\":\"https:\\\/\\\/ericbphotographie.com\\\/\",\"name\":\"Eric B Photographie : photographe de mariage et portrait\",\"description\":\"Des photos pour de beaux souvenirs\",\"publisher\":{\"@id\":\"https:\\\/\\\/ericbphotographie.com\\\/#organization\"},\"potentialAction\":[{\"@type\":\"SearchAction\",\"target\":{\"@type\":\"EntryPoint\",\"urlTemplate\":\"https:\\\/\\\/ericbphotographie.com\\\/?s={search_term_string}\"},\"query-input\":{\"@type\":\"PropertyValueSpecification\",\"valueRequired\":true,\"valueName\":\"search_term_string\"}}],\"inLanguage\":\"fr-FR\"},{\"@type\":\"Organization\",\"@id\":\"https:\\\/\\\/ericbphotographie.com\\\/#organization\",\"name\":\"Eric B Photographie\",\"url\":\"https:\\\/\\\/ericbphotographie.com\\\/\",\"logo\":{\"@type\":\"ImageObject\",\"inLanguage\":\"fr-FR\",\"@id\":\"https:\\\/\\\/ericbphotographie.com\\\/#\\\/schema\\\/logo\\\/image\\\/\",\"url\":\"https:\\\/\\\/ericbphotographie.com\\\/wp-content\\\/uploads\\\/2018\\\/11\\\/Logo-EricB-nf.png\",\"contentUrl\":\"https:\\\/\\\/ericbphotographie.com\\\/wp-content\\\/uploads\\\/2018\\\/11\\\/Logo-EricB-nf.png\",\"width\":243,\"height\":206,\"caption\":\"Eric B Photographie\"},\"image\":{\"@id\":\"https:\\\/\\\/ericbphotographie.com\\\/#\\\/schema\\\/logo\\\/image\\\/\"},\"sameAs\":[\"https:\\\/\\\/www.facebook.com\\\/ericbphotographie34\\\/\",\"https:\\\/\\\/www.instagram.com\\\/ericb.photographie\\\/\"]}]}<\/script>\n<!-- \/ Yoast SEO plugin. -->","yoast_head_json":{"title":"FAQ - Eric B Photographie : photographe de mariage et portrait","description":"R\u00e9ponses \u00e0 une partie des questions que vous pouvez vous posez avant votre s\u00e9ance photos.","robots":{"index":"index","follow":"follow","max-snippet":"max-snippet:-1","max-image-preview":"max-image-preview:large","max-video-preview":"max-video-preview:-1"},"canonical":"https:\/\/ericbphotographie.com\/index.php\/faq\/","og_locale":"fr_FR","og_type":"article","og_title":"FAQ - Eric B Photographie : photographe de mariage et portrait","og_description":"R\u00e9ponses \u00e0 une partie des questions que vous pouvez vous posez avant votre s\u00e9ance photos.","og_url":"https:\/\/ericbphotographie.com\/index.php\/faq\/","og_site_name":"Eric B Photographie : photographe de mariage et portrait","article_publisher":"https:\/\/www.facebook.com\/ericbphotographie34\/","article_modified_time":"2025-01-15T08:16:20+00:00","twitter_card":"summary_large_image","twitter_misc":{"Dur\u00e9e de lecture estim\u00e9e":"2 minutes"},"schema":{"@context":"https:\/\/schema.org","@graph":[{"@type":"WebPage","@id":"https:\/\/ericbphotographie.com\/index.php\/faq\/","url":"https:\/\/ericbphotographie.com\/index.php\/faq\/","name":"FAQ - Eric B Photographie : photographe de mariage et portrait","isPartOf":{"@id":"https:\/\/ericbphotographie.com\/#website"},"datePublished":"2023-03-19T10:43:14+00:00","dateModified":"2025-01-15T08:16:20+00:00","description":"R\u00e9ponses \u00e0 une partie des questions que vous pouvez vous posez avant votre s\u00e9ance photos.","breadcrumb":{"@id":"https:\/\/ericbphotographie.com\/index.php\/faq\/#breadcrumb"},"inLanguage":"fr-FR","potentialAction":[{"@type":"ReadAction","target":["https:\/\/ericbphotographie.com\/index.php\/faq\/"]}]},{"@type":"BreadcrumbList","@id":"https:\/\/ericbphotographie.com\/index.php\/faq\/#breadcrumb","itemListElement":[{"@type":"ListItem","position":1,"name":"Accueil","item":"https:\/\/ericbphotographie.com\/"},{"@type":"ListItem","position":2,"name":"FAQ"}]},{"@type":"WebSite","@id":"https:\/\/ericbphotographie.com\/#website","url":"https:\/\/ericbphotographie.com\/","name":"Eric B Photographie : photographe de mariage et portrait","description":"Des photos pour de beaux souvenirs","publisher":{"@id":"https:\/\/ericbphotographie.com\/#organization"},"potentialAction":[{"@type":"SearchAction","target":{"@type":"EntryPoint","urlTemplate":"https:\/\/ericbphotographie.com\/?s={search_term_string}"},"query-input":{"@type":"PropertyValueSpecification","valueRequired":true,"valueName":"search_term_string"}}],"inLanguage":"fr-FR"},{"@type":"Organization","@id":"https:\/\/ericbphotographie.com\/#organization","name":"Eric B Photographie","url":"https:\/\/ericbphotographie.com\/","logo":{"@type":"ImageObject","inLanguage":"fr-FR","@id":"https:\/\/ericbphotographie.com\/#\/schema\/logo\/image\/","url":"https:\/\/ericbphotographie.com\/wp-content\/uploads\/2018\/11\/Logo-EricB-nf.png","contentUrl":"https:\/\/ericbphotographie.com\/wp-content\/uploads\/2018\/11\/Logo-EricB-nf.png","width":243,"height":206,"caption":"Eric B Photographie"},"image":{"@id":"https:\/\/ericbphotographie.com\/#\/schema\/logo\/image\/"},"sameAs":["https:\/\/www.facebook.com\/ericbphotographie34\/","https:\/\/www.instagram.com\/ericb.photographie\/"]}]}},"_links":{"self":[{"href":"https:\/\/ericbphotographie.com\/index.php\/wp-json\/wp\/v2\/pages\/52041","targetHints":{"allow":["GET"]}}],"collection":[{"href":"https:\/\/ericbphotographie.com\/index.php\/wp-json\/wp\/v2\/pages"}],"about":[{"href":"https:\/\/ericbphotographie.com\/index.php\/wp-json\/wp\/v2\/types\/page"}],"author":[{"embeddable":true,"href":"https:\/\/ericbphotographie.com\/index.php\/wp-json\/wp\/v2\/users\/1"}],"replies":[{"embeddable":true,"href":"https:\/\/ericbphotographie.com\/index.php\/wp-json\/wp\/v2\/comments?post=52041"}],"version-history":[{"count":36,"href":"https:\/\/ericbphotographie.com\/index.php\/wp-json\/wp\/v2\/pages\/52041\/revisions"}],"predecessor-version":[{"id":52285,"href":"https:\/\/ericbphotographie.com\/index.php\/wp-json\/wp\/v2\/pages\/52041\/revisions\/52285"}],"wp:attachment":[{"href":"https:\/\/ericbphotographie.com\/index.php\/wp-json\/wp\/v2\/media?parent=52041"}],"curies":[{"name":"wp","href":"https:\/\/api.w.org\/{rel}","templated":true}]}}